{"id":2479,"date":"2024-01-18T09:03:20","date_gmt":"2024-01-18T09:03:20","guid":{"rendered":"https:\/\/hoornbloommasters.com\/?page_id=2479"},"modified":"2024-02-01T10:14:00","modified_gmt":"2024-02-01T10:14:00","slug":"instegsmodell","status":"publish","type":"page","link":"https:\/\/hoornbloommasters.com\/sv\/kontinuitet\/instegsmodell\/","title":{"rendered":"Styrande modell"},"content":{"rendered":"<div class=\"page-intro-w-overlay\">\n        <div class=\"page-intro-w-overlay__container\">\n            <div class=\"page-intro-w-overlay__title-image-container\">\n                <div class=\"page-intro-w-overlay__title-container\" data-left=\"0\" data-right=\"0\">\n                    <h2 class=\"page-intro-w-overlay__title\">St\u00e4ndiga f\u00f6rb\u00e4ttringar med oss <accent>smart instegsmodell<\/accent><\/h2>\n                <\/div>\n                <div class=\"page-intro-w-overlay__image-container\">\n                    <img loading=\"lazy\" width=\"2560\" height=\"1270\" src=\"https:\/\/hoornbloommasters.com\/wp-content\/uploads\/2024\/01\/instuurmodel-screen-large-scaled.webp\" class=\"attachment-page-intro__image size-page-intro__image\" alt=\"\" srcset=\"https:\/\/hoornbloommasters.com\/wp-content\/uploads\/2024\/01\/instuurmodel-screen-large-scaled.webp 2560w, https:\/\/hoornbloommasters.com\/wp-content\/uploads\/2024\/01\/instuurmodel-screen-large-300x149.webp 300w, https:\/\/hoornbloommasters.com\/wp-content\/uploads\/2024\/01\/instuurmodel-screen-large-1024x508.webp 1024w, https:\/\/hoornbloommasters.com\/wp-content\/uploads\/2024\/01\/instuurmodel-screen-large-768x381.webp 768w, https:\/\/hoornbloommasters.com\/wp-content\/uploads\/2024\/01\/instuurmodel-screen-large-1536x762.webp 1536w, https:\/\/hoornbloommasters.com\/wp-content\/uploads\/2024\/01\/instuurmodel-screen-large-2048x1016.webp 2048w, https:\/\/hoornbloommasters.com\/wp-content\/uploads\/2024\/01\/instuurmodel-screen-large-18x9.webp 18w, https:\/\/hoornbloommasters.com\/wp-content\/uploads\/2024\/01\/instuurmodel-screen-large-640x317.webp 640w, https:\/\/hoornbloommasters.com\/wp-content\/uploads\/2024\/01\/instuurmodel-screen-large-960x476.webp 960w, https:\/\/hoornbloommasters.com\/wp-content\/uploads\/2024\/01\/instuurmodel-screen-large-1280x635.webp 1280w, https:\/\/hoornbloommasters.com\/wp-content\/uploads\/2024\/01\/instuurmodel-screen-large-1920x952.webp 1920w\" sizes=\"auto, (max-width: 2560px) 100vw, 2560px\" \/>                <\/div>\n            <\/div>\n            <div class=\"page-intro-w-overlay__text-container\">\n                <p>Entr\u00e9modellen \u00e4r ett digitaliserat s\u00e4tt att styra intr\u00e4det p\u00e5 butiksniv\u00e5. Vi tillhandah\u00e5ller attraktiva blomsterpresentationer som f\u00f6rb\u00e4ttrar shoppingupplevelsen och s\u00e4kerst\u00e4ller \u00e4ven r\u00e4tt antal f\u00f6r att uppfylla KPI:er p\u00e5 detta s\u00e4tt.<\/p>\n            <\/div>\n            <div class=\"page-intro-w-overlay__scroll-container scroll-container\" id=\"scroll-container\">\n                <span class=\"scroll-container__scroll-text\">Skrolla<\/span>\n                <div class=\"scroll-container__scroll-svg\">\n                    <svg xmlns=\"http:\/\/www.w3.org\/2000\/svg\" viewbox=\"0 0 98 220\">\n                        <defs>\n                            <clippath clippathunits=\"userSpaceOnUse\" id=\"cp1\">\n                                <path d=\"M0 0L2181 0L2181 746L0 746Z\" \/>\n                            <\/clippath>\n                        <\/defs>\n                        <g clip-path=\"url(#cp1)\">\n                            <path fill=\"FFFFFF\" id=\"Path 42\" class=\"shp0\" d=\"M39.56 87.43C39.56 87.43 46.68 208.34 47.25 214.77C47.82 221.2 43.87 221.49 43.87 221.49C43.87 221.49 40.27 194.78 38.81 172.75C37.34 150.71 36.42 114.44 35.82 110.79C35.24 107.13 35.27 84.45 35.27 84.45C35.27 84.45 34.83 85.49 36.38 84.43C37.93 83.36 40.32 87.26 39.56 87.43Z\" \/>\n                            <path fill=\"FFFFFF\" id=\"Path 86\" class=\"shp0\" d=\"M42.93 86.61C42.93 86.61 43.89 88.16 47.93 86.88C51.98 85.59 56.47 83.78 59.25 79.09C62.03 74.41 63.87 67.96 66.63 63.67C69.39 59.37 76.03 52.96 80.56 46.99C85.09 41.01 90.2 35.73 90.93 30.49C91.65 25.24 92.18 19.76 91.87 17.92C91.56 16.07 91.73 16.7 83.29 21.8C74.84 26.9 67.14 29.94 65.36 35.4C63.58 40.86 60.92 43.38 60.92 43.38C60.92 43.38 60.08 40.05 58.57 33.62C57.07 27.19 56.99 28.57 55.04 19.08C53.08 9.59 53.37 8.25 51.58 6.74C49.79 5.24 48.56 4.82 48.56 4.82C48.56 4.82 48.28 9.55 47.98 11.09C47.68 12.63 46.74 14.45 46.74 14.45C46.74 14.45 46.2 9.53 44.41 6.23C42.62 2.92 41.11 1.76 41.11 1.76C41.11 1.76 40.08 1.58 39.51 0.68C38.93 -0.21 38.15 0.75 37.78 1.68C37.41 2.62 36.63 5.17 36.63 5.17C36.63 5.17 36.26 4.31 35.1 2.71C33.94 1.12 33.36 0.42 32.74 2C32.13 3.59 29.91 18.17 28.57 19.64C27.24 21.1 27.08 21.87 27.08 21.87C27.08 21.87 26.45 18.37 24.44 15.23C22.43 12.09 21.89 8.8 17.4 7.02C12.91 5.24 7.81 2.96 7.81 2.96C7.81 2.96 5.46 2.15 3.47 2.21C1.48 2.26 -0.07 1.99 0.46 3.58C1 5.17 7.45 14.57 9.53 18.32C11.61 22.08 13.66 28.12 14.75 34.4C15.85 40.67 18.24 46.27 18.48 52.8C18.73 59.33 20.41 66.31 20.68 68.75C20.96 71.19 22.78 75.8 24.59 78.71C26.41 81.61 28.07 83.6 30.82 84.87C33.56 86.15 33.12 86.57 34.4 86.1C35.68 85.62 36.1 85.69 38.48 86.1C40.86 86.52 42.93 86.61 42.93 86.61Z\" \/>\n                        <\/g>\n                    <\/svg>\n                <\/div>\n            <\/div>\n        <\/div>\n    <\/div>\n\n\t\n\n    <div class=\"values-text-only\">\n        <div class=\"wrapper\">\n            <h2 class=\"values-text-only__title\">Prognoser med hj\u00e4lp av ett antal <accent>praktiska \u00e5tg\u00e4rder<\/accent><\/h2>\n            <div class=\"values-text-only__text\">\n                            <\/div>\n        <\/div>\n                    <div class=\"values-text-only__container\">\n                                    \n                    <div class=\"values-text-only-item values-text-only-item--background--white\">\n                        <div class=\"values-text-only-item__content-container values-text-only-item__content-container--text--secondary\">\n                            <h3 class=\"values-text-only-item__title mb-xs\">F\u00f6rstora index<\/h3>\n                            <div class=\"values-text-only-item__text\"><p>Tillsammans med kunden fastst\u00e4ller vi det \u00e5rliga indexet f\u00f6r det kommande \u00e5ret. Detta index representerar den tillv\u00e4xt som vi gemensamt m\u00e5ste styra mot.<\/p>\n<\/div>\n                        <\/div>\n\n                    <\/div>\n\n                                    \n                    <div class=\"values-text-only-item values-text-only-item--background--quinary\">\n                        <div class=\"values-text-only-item__content-container values-text-only-item__content-container--text--white\">\n                            <h3 class=\"values-text-only-item__title mb-xs\">Klassificering och modellering av oms\u00e4ttning<\/h3>\n                            <div class=\"values-text-only-item__text\"><p>Det \u00e4r viktigt att i f\u00f6rv\u00e4g best\u00e4mma hur oms\u00e4ttningen ska uppn\u00e5s. Detta g\u00f6rs genom planering \u00e5ret runt.<\/p>\n<\/div>\n                        <\/div>\n\n                    <\/div>\n\n                                    \n                    <div class=\"values-text-only-item values-text-only-item--background--tertiary\">\n                        <div class=\"values-text-only-item__content-container values-text-only-item__content-container--text--white\">\n                            <h3 class=\"values-text-only-item__title mb-xs\">Analysera data och justera per vecka<\/h3>\n                            <div class=\"values-text-only-item__text\"><p>Det fastst\u00e4llda indexet b\u00f6r uppr\u00e4tth\u00e5llas genom veckovisa, periodiska och kvartalsvisa kontroller. Genom kontinuerlig modellering s\u00e4kerst\u00e4ller vi att dessa m\u00e5l s\u00e4tts.<\/p>\n<\/div>\n                        <\/div>\n\n                    <\/div>\n\n                                    \n                    <div class=\"values-text-only-item values-text-only-item--background--quaternary\">\n                        <div class=\"values-text-only-item__content-container values-text-only-item__content-container--text--white\">\n                            <h3 class=\"values-text-only-item__title mb-xs\">Fastst\u00e4llande och fastst\u00e4llande av oms\u00e4ttningsm\u00e5l<\/h3>\n                            <div class=\"values-text-only-item__text\"><p>Det index som vi har uppn\u00e5tt tidigare anv\u00e4nds f\u00f6r att s\u00e4tta upp framtida int\u00e4ktsm\u00e5l. Detta justeras p\u00e5 veckobasis.<\/p>\n<\/div>\n                        <\/div>\n\n                    <\/div>\n\n                                    \n                    <div class=\"values-text-only-item values-text-only-item--background--secondary\">\n                        <div class=\"values-text-only-item__content-container values-text-only-item__content-container--text--white\">\n                            <h3 class=\"values-text-only-item__title mb-xs\">L\u00e4gga till variabelsamlingar<\/h3>\n                            <div class=\"values-text-only-item__text\"><p>F\u00f6r att skapa det optimala sortimentet och uppn\u00e5 tillv\u00e4xt arbetar vi med variabla kollektioner. Det g\u00f6r att vi kan v\u00e4xla mellan no-sales och yes-sales.<\/p>\n<\/div>\n                        <\/div>\n\n                    <\/div>\n\n                                    \n                    <div class=\"values-text-only-item values-text-only-item--background--white\">\n                        <div class=\"values-text-only-item__content-container values-text-only-item__content-container--text--secondary\">\n                            <h3 class=\"values-text-only-item__title mb-xs\">Extrautrustning f\u00f6r maximal effektivitet<\/h3>\n                            <div class=\"values-text-only-item__text\"><p>Ut\u00f6ver de befintliga sortimenten anser vi att det \u00e4r viktigt att vara flexibel p\u00e5 marknaden. V\u00e5ra befintliga linjer har priser \u00e5ret runt, men f\u00f6r att f\u00e5 ut mesta m\u00f6jliga av kedjan arbetar vi med att l\u00e4gga till \u00e5tg\u00e4rder. Dessa \u00e5tg\u00e4rder f\u00e5r dock inte inkr\u00e4kta p\u00e5 de befintliga avtalen med odlarna och sortimentet.<\/p>\n<\/div>\n                        <\/div>\n\n                    <\/div>\n\n                            <\/div>\n        \n    <\/div>\n\n\n\n    \n    <div class=\"spacer spacer--s spacer--primary\"><\/div>\n\n\t\n\n    <div class=\"usp-list__outer\">\n        <div class=\"usp-list\">\n\n            <h2 class=\"usp-list__title mb-xl\"><accent>V\u00e5r data best\u00e5r av<\/accent><br\/>sex viktiga omr\u00e5den f\u00f6r st\u00f6d<\/h2>\n            <div class=\"usp-list__container\">\n                <div class=\"usp-list__inner\">\n                        <div class=\"usp-list__inner__circle\"><\/div>\n                    <div class=\"usp-list__inner__text\">\n                        <h3 class=\"usp-list__inner__text__title mb-m\">V\u00e5r datamodell<\/h3>\n                        <ul>\n                                                            <li>Moduler<\/li>\n                                                            <li>Marginalpolicy<\/li>\n                                                            <li>Leveransdagar<\/li>\n                                                            <li>Logistik<\/li>\n                                                            <li>H\u00e5llbarhet<\/li>\n                                                            <li>Index<\/li>\n                                                    <\/ul>\n                    <\/div>\n                    <div class=\"usp-list__inner__images\">\n                        <div class=\"usp-list__inner__images__inner\">\n\n                            <div class=\"usp-list__inner__images__image usp-list__inner__images__image--1 animated animated--slide-up\">\n                                <img loading=\"lazy\" width=\"2560\" height=\"1659\" src=\"https:\/\/hoornbloommasters.com\/wp-content\/uploads\/2024\/01\/instuurmodel-screen1-scaled.webp\" class=\"attachment-full size-full\" alt=\"\" srcset=\"https:\/\/hoornbloommasters.com\/wp-content\/uploads\/2024\/01\/instuurmodel-screen1-scaled.webp 2560w, https:\/\/hoornbloommasters.com\/wp-content\/uploads\/2024\/01\/instuurmodel-screen1-300x194.webp 300w, https:\/\/hoornbloommasters.com\/wp-content\/uploads\/2024\/01\/instuurmodel-screen1-1024x664.webp 1024w, https:\/\/hoornbloommasters.com\/wp-content\/uploads\/2024\/01\/instuurmodel-screen1-768x498.webp 768w, https:\/\/hoornbloommasters.com\/wp-content\/uploads\/2024\/01\/instuurmodel-screen1-1536x996.webp 1536w, https:\/\/hoornbloommasters.com\/wp-content\/uploads\/2024\/01\/instuurmodel-screen1-2048x1327.webp 2048w, https:\/\/hoornbloommasters.com\/wp-content\/uploads\/2024\/01\/instuurmodel-screen1-18x12.webp 18w, https:\/\/hoornbloommasters.com\/wp-content\/uploads\/2024\/01\/instuurmodel-screen1-640x415.webp 640w, https:\/\/hoornbloommasters.com\/wp-content\/uploads\/2024\/01\/instuurmodel-screen1-960x622.webp 960w, https:\/\/hoornbloommasters.com\/wp-content\/uploads\/2024\/01\/instuurmodel-screen1-1280x830.webp 1280w, https:\/\/hoornbloommasters.com\/wp-content\/uploads\/2024\/01\/instuurmodel-screen1-1920x1244.webp 1920w\" sizes=\"auto, (max-width: 2560px) 100vw, 2560px\" \/>                            <\/div>\n                            <div class=\"usp-list__inner__images__image usp-list__inner__images__image--2 animated animated--slide-up animated--delay\">\n                                <img loading=\"lazy\" width=\"2560\" height=\"1659\" src=\"https:\/\/hoornbloommasters.com\/wp-content\/uploads\/2024\/01\/instuurmodel-screen2-scaled.webp\" class=\"attachment-full size-full\" alt=\"\" srcset=\"https:\/\/hoornbloommasters.com\/wp-content\/uploads\/2024\/01\/instuurmodel-screen2-scaled.webp 2560w, https:\/\/hoornbloommasters.com\/wp-content\/uploads\/2024\/01\/instuurmodel-screen2-300x194.webp 300w, https:\/\/hoornbloommasters.com\/wp-content\/uploads\/2024\/01\/instuurmodel-screen2-1024x664.webp 1024w, https:\/\/hoornbloommasters.com\/wp-content\/uploads\/2024\/01\/instuurmodel-screen2-768x498.webp 768w, https:\/\/hoornbloommasters.com\/wp-content\/uploads\/2024\/01\/instuurmodel-screen2-1536x996.webp 1536w, https:\/\/hoornbloommasters.com\/wp-content\/uploads\/2024\/01\/instuurmodel-screen2-2048x1327.webp 2048w, https:\/\/hoornbloommasters.com\/wp-content\/uploads\/2024\/01\/instuurmodel-screen2-18x12.webp 18w, https:\/\/hoornbloommasters.com\/wp-content\/uploads\/2024\/01\/instuurmodel-screen2-640x415.webp 640w, https:\/\/hoornbloommasters.com\/wp-content\/uploads\/2024\/01\/instuurmodel-screen2-960x622.webp 960w, https:\/\/hoornbloommasters.com\/wp-content\/uploads\/2024\/01\/instuurmodel-screen2-1280x830.webp 1280w, https:\/\/hoornbloommasters.com\/wp-content\/uploads\/2024\/01\/instuurmodel-screen2-1920x1244.webp 1920w\" sizes=\"auto, (max-width: 2560px) 100vw, 2560px\" \/>                            <\/div>\n                        <\/div>\n                    <\/div>\n\n                <\/div>\n            <\/div>\n        <\/div>\n    <\/div>\n    \n\n    \n    <div class=\"spacer spacer--m spacer--primary\"><\/div>\n\n\t\n\n    <div class=\"image-left-text-right\">\n        <h2 class=\"image-left-text-right__title mb-xl\">Instegsmodellen<\/h2>\n\n        <div class=\"image-left-text-right__container\">\n            <div class=\"image-left-text-right__row\">\n                <div class=\"image-left-text-right__step image-left-text-right__step--image\">\n                    \n\t\t\t\t<img\n\t\t\t\t\tclass=\"image-left-text-right__side-image\"\n\t\t\t\t\talt=\"HBM-diagram SV\"\n\t\t\t\t\tsrc=\"https:\/\/hoornbloommasters.com\/wp-content\/uploads\/2024\/01\/HBM-schema-NL.svg\"\n\t\t\t\t\tsrcset=\"\t\t\t\t\t\thttps:\/\/hoornbloommasters.com\/wp-content\/uploads\/2024\/01\/HBM-schema-NL.svg 640w,\t\t\t\t\t\thttps:\/\/hoornbloommasters.com\/wp-content\/uploads\/2024\/01\/HBM-schema-NL.svg 960w,\t\t\t\t\t\thttps:\/\/hoornbloommasters.com\/wp-content\/uploads\/2024\/01\/HBM-schema-NL.svg 1280w,\t\t\t\t\t\thttps:\/\/hoornbloommasters.com\/wp-content\/uploads\/2024\/01\/HBM-schema-NL.svg 1920w\t\t\t\t\t\"\n\t\t\t\t>\n\n\t\t\t                <\/div>\n                <div class=\"image-left-text-right__step image-left-text-right__step--two\">\n\n                    <p class=\"image-left-text-right__step-number\">\n                        S\u00e5 h\u00e4r fungerar det                    <\/p>\n                    <h3 class=\"image-left-text-right__step-title mb-s\"><\/h3>\n                    <div class=\"image-left-text-right__step-text\">\n                        <p>Entry-modellen utvecklades som ett strukturerat tillv\u00e4gag\u00e5ngss\u00e4tt f\u00f6r att optimera blomsterpresentationerna p\u00e5 butiksniv\u00e5. I samarbete med v\u00e5ra kunder fastst\u00e4ller vi varje \u00e5r ett index som representerar den gemensamma tillv\u00e4xten. Detta b\u00f6rjar med att vi f\u00f6rutbest\u00e4mmer hur f\u00f6rs\u00e4ljningen ska realiseras genom en detaljerad planering \u00e5ret runt, d\u00e4r vi noggrant klassificerar och modellerar. Det fastst\u00e4llda indexet analyseras och justeras sedan varje vecka, periodvis och kvartalsvis, med kontinuerlig modellering f\u00f6r att fastst\u00e4lla och uppr\u00e4tth\u00e5lla m\u00e5len.<\/p>\n<p>F\u00f6r att skapa det optimala sortimentet och uppn\u00e5 tillv\u00e4xt anv\u00e4nder vi oss av r\u00f6rliga kollektioner, vilket g\u00f6r att vi kan reagera flexibelt p\u00e5 b\u00e5de utebliven f\u00f6rs\u00e4ljning och f\u00f6rs\u00e4ljning. Dessutom l\u00e4gger vi till kampanjer vid sidan av v\u00e5ra befintliga sortiment f\u00f6r att b\u00e4ttre kunna m\u00f6ta efterfr\u00e5gan p\u00e5 marknaden. Det \u00e4r dock viktigt att dessa \u00e5tg\u00e4rder inte inkr\u00e4ktar p\u00e5 befintliga avtal med odlare och det aktuella sortimentet. Kort sagt, avbetalningsmodellen ger inte bara digitaliserad v\u00e4gledning p\u00e5 butiksniv\u00e5, utan integrerar ocks\u00e5 strategier som att fastst\u00e4lla det \u00e5rliga indexet, modellera f\u00f6rs\u00e4ljningen, fastst\u00e4lla f\u00f6rs\u00e4ljningsm\u00e5l och l\u00e4gga till variabla kollektioner och \u00e5tg\u00e4rder. P\u00e5 s\u00e5 s\u00e4tt kan vi reagera flexibelt p\u00e5 marknadsdynamiken och uppn\u00e5 b\u00e4sta m\u00f6jliga resultat f\u00f6r b\u00e5de \u00e5terf\u00f6rs\u00e4ljare och odlare.<\/p>\n                    <\/div>\n                <\/div>\n            <\/div>\n        <\/div>\n    <\/div>\n\n\n\t\n\n    \n    <div class=\"spacer spacer--l spacer--primary\"><\/div>\n\n\t\n\n    \n    <div class=\"cta-bar cta-bar--primary cta-bar--no-button paralax-images\">\n        \n        <div class=\"cta-bar__container wrapper\">\n            <div class=\"cta-bar__image-container\">\n                <img src=\"https:\/\/hoornbloommasters.com\/wp-content\/themes\/deboprojects\/img\/flower.svg\" alt=\"Hoorn Bloommasters\" class=\"cta-bar__image paralax-image\">\n            <\/div>\n            <div class=\"cta-bar__content\">\n                <h2 class=\"cta-bar__title mb-s\"><accent>N\u00e5gra fr\u00e5gor?<\/accent><\/h2>\n                <div class=\"cta-bar__text\">\n                    <p>Vi ber\u00e4ttar g\u00e4rna mer om v\u00e5ra tj\u00e4nster och produkter i ett personligt samtal. Ring oss <a href=\"tel:+310297325150\">+31 0297 325 150<\/a> eller posta till <a href=\"mailto:info@hoornbloommasters.com\">info@hoornbloommasters.com<\/a>.<\/p>\n                <\/div>\n            <\/div>\n                    <\/div>\n\n    <\/div>\n\n\t\n\n    \n    <div class=\"spacer spacer--l spacer--primary\"><\/div>","protected":false},"excerpt":{"rendered":"","protected":false},"author":1,"featured_media":0,"parent":391,"menu_order":0,"comment_status":"closed","ping_status":"closed","template":"","meta":{"_acf_changed":false,"footnotes":""},"class_list":["post-2479","page","type-page","status-publish","hentry"],"acf":[],"yoast_head":"<!-- This site is optimized with the Yoast SEO plugin v26.0 - https:\/\/yoast.com\/wordpress\/plugins\/seo\/ -->\n<title>Instuurmodel - Hoorn Bloommasters<\/title>\n<meta name=\"robots\" content=\"index, follow, max-snippet:-1, max-image-preview:large, max-video-preview:-1\" \/>\n<link rel=\"canonical\" href=\"https:\/\/hoornbloommasters.com\/sv\/kontinuitet\/instegsmodell\/\" \/>\n<meta property=\"og:locale\" content=\"sv_SE\" \/>\n<meta property=\"og:type\" content=\"article\" \/>\n<meta property=\"og:title\" content=\"Instuurmodel - Hoorn Bloommasters\" \/>\n<meta property=\"og:url\" content=\"https:\/\/hoornbloommasters.com\/sv\/kontinuitet\/instegsmodell\/\" \/>\n<meta property=\"og:site_name\" content=\"Hoorn Bloommasters\" \/>\n<meta property=\"article:modified_time\" content=\"2024-02-01T10:14:00+00:00\" \/>\n<meta name=\"twitter:card\" content=\"summary_large_image\" \/>\n<meta name=\"twitter:label1\" content=\"Est. reading time\" \/>\n\t<meta name=\"twitter:data1\" content=\"4 minutes\" \/>\n<script type=\"application\/ld+json\" class=\"yoast-schema-graph\">{\"@context\":\"https:\/\/schema.org\",\"@graph\":[{\"@type\":\"WebPage\",\"@id\":\"https:\/\/hoornbloommasters.com\/continuiteit\/instuurmodel\/\",\"url\":\"https:\/\/hoornbloommasters.com\/continuiteit\/instuurmodel\/\",\"name\":\"Instuurmodel - Hoorn Bloommasters\",\"isPartOf\":{\"@id\":\"https:\/\/hoornbloommasters.com\/#website\"},\"datePublished\":\"2024-01-18T09:03:20+00:00\",\"dateModified\":\"2024-02-01T10:14:00+00:00\",\"breadcrumb\":{\"@id\":\"https:\/\/hoornbloommasters.com\/continuiteit\/instuurmodel\/#breadcrumb\"},\"inLanguage\":\"sv-SE\",\"potentialAction\":[{\"@type\":\"ReadAction\",\"target\":[\"https:\/\/hoornbloommasters.com\/continuiteit\/instuurmodel\/\"]}]},{\"@type\":\"BreadcrumbList\",\"@id\":\"https:\/\/hoornbloommasters.com\/continuiteit\/instuurmodel\/#breadcrumb\",\"itemListElement\":[{\"@type\":\"ListItem\",\"position\":1,\"name\":\"Home\",\"item\":\"https:\/\/hoornbloommasters.com\/\"},{\"@type\":\"ListItem\",\"position\":2,\"name\":\"Continu\u00efteit\",\"item\":\"https:\/\/hoornbloommasters.com\/continuiteit\/\"},{\"@type\":\"ListItem\",\"position\":3,\"name\":\"Instuurmodel\"}]},{\"@type\":\"WebSite\",\"@id\":\"https:\/\/hoornbloommasters.com\/#website\",\"url\":\"https:\/\/hoornbloommasters.com\/\",\"name\":\"Hoorn Bloommasters\",\"description\":\"\",\"publisher\":{\"@id\":\"https:\/\/hoornbloommasters.com\/#organization\"},\"potentialAction\":[{\"@type\":\"SearchAction\",\"target\":{\"@type\":\"EntryPoint\",\"urlTemplate\":\"https:\/\/hoornbloommasters.com\/?s={search_term_string}\"},\"query-input\":{\"@type\":\"PropertyValueSpecification\",\"valueRequired\":true,\"valueName\":\"search_term_string\"}}],\"inLanguage\":\"sv-SE\"},{\"@type\":\"Organization\",\"@id\":\"https:\/\/hoornbloommasters.com\/#organization\",\"name\":\"Hoorn Bloom Masters\",\"url\":\"https:\/\/hoornbloommasters.com\/\",\"logo\":{\"@type\":\"ImageObject\",\"inLanguage\":\"sv-SE\",\"@id\":\"https:\/\/hoornbloommasters.com\/#\/schema\/logo\/image\/\",\"url\":\"https:\/\/hoornbloommasters.com\/wp-content\/uploads\/2020\/09\/hoorn-logo-2.svg\",\"contentUrl\":\"https:\/\/hoornbloommasters.com\/wp-content\/uploads\/2020\/09\/hoorn-logo-2.svg\",\"width\":340,\"height\":213,\"caption\":\"Hoorn Bloom Masters\"},\"image\":{\"@id\":\"https:\/\/hoornbloommasters.com\/#\/schema\/logo\/image\/\"}}]}<\/script>\n<!-- \/ Yoast SEO plugin. -->","yoast_head_json":{"title":"Styrmodell - Horn Bloommasters","robots":{"index":"index","follow":"follow","max-snippet":"max-snippet:-1","max-image-preview":"max-image-preview:large","max-video-preview":"max-video-preview:-1"},"canonical":"https:\/\/hoornbloommasters.com\/sv\/kontinuitet\/instegsmodell\/","og_locale":"sv_SE","og_type":"article","og_title":"Instuurmodel - Hoorn Bloommasters","og_url":"https:\/\/hoornbloommasters.com\/sv\/kontinuitet\/instegsmodell\/","og_site_name":"Hoorn Bloommasters","article_modified_time":"2024-02-01T10:14:00+00:00","twitter_card":"summary_large_image","twitter_misc":{"Est. reading time":"4 minutes"},"schema":{"@context":"https:\/\/schema.org","@graph":[{"@type":"WebPage","@id":"https:\/\/hoornbloommasters.com\/continuiteit\/instuurmodel\/","url":"https:\/\/hoornbloommasters.com\/continuiteit\/instuurmodel\/","name":"Styrmodell - Horn Bloommasters","isPartOf":{"@id":"https:\/\/hoornbloommasters.com\/#website"},"datePublished":"2024-01-18T09:03:20+00:00","dateModified":"2024-02-01T10:14:00+00:00","breadcrumb":{"@id":"https:\/\/hoornbloommasters.com\/continuiteit\/instuurmodel\/#breadcrumb"},"inLanguage":"sv-SE","potentialAction":[{"@type":"ReadAction","target":["https:\/\/hoornbloommasters.com\/continuiteit\/instuurmodel\/"]}]},{"@type":"BreadcrumbList","@id":"https:\/\/hoornbloommasters.com\/continuiteit\/instuurmodel\/#breadcrumb","itemListElement":[{"@type":"ListItem","position":1,"name":"Home","item":"https:\/\/hoornbloommasters.com\/"},{"@type":"ListItem","position":2,"name":"Continu\u00efteit","item":"https:\/\/hoornbloommasters.com\/continuiteit\/"},{"@type":"ListItem","position":3,"name":"Instuurmodel"}]},{"@type":"WebSite","@id":"https:\/\/hoornbloommasters.com\/#website","url":"https:\/\/hoornbloommasters.com\/","name":"Hoorn Bloommasters","description":"","publisher":{"@id":"https:\/\/hoornbloommasters.com\/#organization"},"potentialAction":[{"@type":"SearchAction","target":{"@type":"EntryPoint","urlTemplate":"https:\/\/hoornbloommasters.com\/?s={search_term_string}"},"query-input":{"@type":"PropertyValueSpecification","valueRequired":true,"valueName":"search_term_string"}}],"inLanguage":"sv-SE"},{"@type":"Organization","@id":"https:\/\/hoornbloommasters.com\/#organization","name":"Horn Bloom Masters","url":"https:\/\/hoornbloommasters.com\/","logo":{"@type":"ImageObject","inLanguage":"sv-SE","@id":"https:\/\/hoornbloommasters.com\/#\/schema\/logo\/image\/","url":"https:\/\/hoornbloommasters.com\/wp-content\/uploads\/2020\/09\/hoorn-logo-2.svg","contentUrl":"https:\/\/hoornbloommasters.com\/wp-content\/uploads\/2020\/09\/hoorn-logo-2.svg","width":340,"height":213,"caption":"Hoorn Bloom Masters"},"image":{"@id":"https:\/\/hoornbloommasters.com\/#\/schema\/logo\/image\/"}}]}},"_links":{"self":[{"href":"https:\/\/hoornbloommasters.com\/sv\/wp-json\/wp\/v2\/pages\/2479","targetHints":{"allow":["GET"]}}],"collection":[{"href":"https:\/\/hoornbloommasters.com\/sv\/wp-json\/wp\/v2\/pages"}],"about":[{"href":"https:\/\/hoornbloommasters.com\/sv\/wp-json\/wp\/v2\/types\/page"}],"author":[{"embeddable":true,"href":"https:\/\/hoornbloommasters.com\/sv\/wp-json\/wp\/v2\/users\/1"}],"replies":[{"embeddable":true,"href":"https:\/\/hoornbloommasters.com\/sv\/wp-json\/wp\/v2\/comments?post=2479"}],"version-history":[{"count":20,"href":"https:\/\/hoornbloommasters.com\/sv\/wp-json\/wp\/v2\/pages\/2479\/revisions"}],"predecessor-version":[{"id":2675,"href":"https:\/\/hoornbloommasters.com\/sv\/wp-json\/wp\/v2\/pages\/2479\/revisions\/2675"}],"up":[{"embeddable":true,"href":"https:\/\/hoornbloommasters.com\/sv\/wp-json\/wp\/v2\/pages\/391"}],"wp:attachment":[{"href":"https:\/\/hoornbloommasters.com\/sv\/wp-json\/wp\/v2\/media?parent=2479"}],"curies":[{"name":"wp","href":"https:\/\/api.w.org\/{rel}","templated":true}]}}