{"id":548,"date":"2020-11-09T13:56:13","date_gmt":"2020-11-09T13:56:13","guid":{"rendered":"https:\/\/hoornbloommasters.com\/?page_id=548"},"modified":"2024-01-31T16:15:57","modified_gmt":"2024-01-31T16:15:57","slug":"travailler-a","status":"publish","type":"page","link":"https:\/\/hoornbloommasters.com\/fr\/a-propos-de-nous\/travailler-a\/","title":{"rendered":"Travailler \u00e0"},"content":{"rendered":"<div class=\"page-intro\">       \n        <div class=\"page-intro__container\">\n            <div class=\"page-intro__title-image-container\">\n                <div class=\"page-intro__title-container\" data-left=\"0\" data-right=\"0\">    \n                    <h2 class=\"page-intro__title\"><accent>Travailler \u00e0<\/accent><\/h2>\n                <\/div>\n                <div class=\"page-intro__image-container\">\n                    \n\t\t\t\t<img\n\t\t\t\t\tclass=\"page-intro__image\"\n\t\t\t\t\talt=\"Ma\u00eetres de la fleur de corne\"\n\t\t\t\t\tsrc=\"https:\/\/hoornbloommasters.com\/wp-content\/uploads\/2021\/11\/Hoorn-Bloom-Masters.jpg\"\n\t\t\t\t\tsrcset=\"\t\t\t\t\t\thttps:\/\/hoornbloommasters.com\/wp-content\/uploads\/2021\/11\/Hoorn-Bloom-Masters-640x480.jpg 640w,\t\t\t\t\t\thttps:\/\/hoornbloommasters.com\/wp-content\/uploads\/2021\/11\/Hoorn-Bloom-Masters-960x720.jpg 960w,\t\t\t\t\t\thttps:\/\/hoornbloommasters.com\/wp-content\/uploads\/2021\/11\/Hoorn-Bloom-Masters-1000x960.jpg 1280w,\t\t\t\t\t\thttps:\/\/hoornbloommasters.com\/wp-content\/uploads\/2021\/11\/Hoorn-Bloom-Masters.jpg 1920w\t\t\t\t\t\"\n\t\t\t\t>\n\n\t\t\t                <\/div>\n            <\/div>\n            <div class=\"page-intro__text-container\">\n                <p>\"Faites en sorte que ce soit un grand jour ! C'est le slogan que nous utilisons depuis de nombreuses ann\u00e9es. Il se refl\u00e8te dans tout ce que nous faisons. Nous sommes toujours \u00e0 la recherche de collaborateurs enthousiastes. Nous pourrions \u00e9crire beaucoup de choses sur nos postes vacants, mais nous pr\u00e9f\u00e9rons vous montrer ce que c'est que de travailler pour nous !<\/p>\n            <\/div>\n            <div class=\"page-intro__scroll-container scroll-container\" id=\"scroll-container\">\n                <span class=\"scroll-container__scroll-text\">Parchemin<\/span>\n                <div class=\"scroll-container__scroll-svg\">\n                    <svg xmlns=\"http:\/\/www.w3.org\/2000\/svg\" viewbox=\"0 0 98 220\">\n                        <defs>\n                            <clippath clippathunits=\"userSpaceOnUse\" id=\"cp1\">\n                                <path d=\"M0 0L2181 0L2181 746L0 746Z\" \/>\n                            <\/clippath>\n                        <\/defs>\n                        <g clip-path=\"url(#cp1)\">\n                            <path fill=\"FFFFFF\" id=\"Path 42\" class=\"shp0\" d=\"M39.56 87.43C39.56 87.43 46.68 208.34 47.25 214.77C47.82 221.2 43.87 221.49 43.87 221.49C43.87 221.49 40.27 194.78 38.81 172.75C37.34 150.71 36.42 114.44 35.82 110.79C35.24 107.13 35.27 84.45 35.27 84.45C35.27 84.45 34.83 85.49 36.38 84.43C37.93 83.36 40.32 87.26 39.56 87.43Z\" \/>\n                            <path fill=\"FFFFFF\" id=\"Path 86\" class=\"shp0\" d=\"M42.93 86.61C42.93 86.61 43.89 88.16 47.93 86.88C51.98 85.59 56.47 83.78 59.25 79.09C62.03 74.41 63.87 67.96 66.63 63.67C69.39 59.37 76.03 52.96 80.56 46.99C85.09 41.01 90.2 35.73 90.93 30.49C91.65 25.24 92.18 19.76 91.87 17.92C91.56 16.07 91.73 16.7 83.29 21.8C74.84 26.9 67.14 29.94 65.36 35.4C63.58 40.86 60.92 43.38 60.92 43.38C60.92 43.38 60.08 40.05 58.57 33.62C57.07 27.19 56.99 28.57 55.04 19.08C53.08 9.59 53.37 8.25 51.58 6.74C49.79 5.24 48.56 4.82 48.56 4.82C48.56 4.82 48.28 9.55 47.98 11.09C47.68 12.63 46.74 14.45 46.74 14.45C46.74 14.45 46.2 9.53 44.41 6.23C42.62 2.92 41.11 1.76 41.11 1.76C41.11 1.76 40.08 1.58 39.51 0.68C38.93 -0.21 38.15 0.75 37.78 1.68C37.41 2.62 36.63 5.17 36.63 5.17C36.63 5.17 36.26 4.31 35.1 2.71C33.94 1.12 33.36 0.42 32.74 2C32.13 3.59 29.91 18.17 28.57 19.64C27.24 21.1 27.08 21.87 27.08 21.87C27.08 21.87 26.45 18.37 24.44 15.23C22.43 12.09 21.89 8.8 17.4 7.02C12.91 5.24 7.81 2.96 7.81 2.96C7.81 2.96 5.46 2.15 3.47 2.21C1.48 2.26 -0.07 1.99 0.46 3.58C1 5.17 7.45 14.57 9.53 18.32C11.61 22.08 13.66 28.12 14.75 34.4C15.85 40.67 18.24 46.27 18.48 52.8C18.73 59.33 20.41 66.31 20.68 68.75C20.96 71.19 22.78 75.8 24.59 78.71C26.41 81.61 28.07 83.6 30.82 84.87C33.56 86.15 33.12 86.57 34.4 86.1C35.68 85.62 36.1 85.69 38.48 86.1C40.86 86.52 42.93 86.61 42.93 86.61Z\" \/>\n                        <\/g>\n                    <\/svg>\n                <\/div>\n            <\/div>\n        <\/div>\n    <\/div>\n\n\t\n\n    \n    <div class=\"spacer spacer--s spacer--primary\"><\/div>\n\n\t\n\n    \n    <div class=\"slider slider--white\">       \n        <div class=\"slider__container\">\n           \n                            <div class=\"slider__slider-container\">\n                    <div class=\"slider__slider swiper-container\">\n                        <div class=\"swiper-wrapper\">\n                                                                                            <div class=\"slider__slide swiper-slide\">\n                                    \n\t\t\t\t<img\n\t\t\t\t\tclass=\"slider__image\"\n\t\t\t\t\talt=\"Ma\u00eetres de la fleur de corne\"\n\t\t\t\t\tsrc=\"https:\/\/hoornbloommasters.com\/wp-content\/uploads\/2021\/11\/HBM-1.jpg\"\n\t\t\t\t\tsrcset=\"\t\t\t\t\t\thttps:\/\/hoornbloommasters.com\/wp-content\/uploads\/2021\/11\/HBM-1-640x360.jpg 640w,\t\t\t\t\t\thttps:\/\/hoornbloommasters.com\/wp-content\/uploads\/2021\/11\/HBM-1-960x540.jpg 960w,\t\t\t\t\t\thttps:\/\/hoornbloommasters.com\/wp-content\/uploads\/2021\/11\/HBM-1-1280x720.jpg 1280w,\t\t\t\t\t\thttps:\/\/hoornbloommasters.com\/wp-content\/uploads\/2021\/11\/HBM-1-1920x1080.jpg 1920w\t\t\t\t\t\"\n\t\t\t\t>\n\n\t\t\t                                <\/div>\n                                                    <\/div>\n                        <div class=\"swiper-pagination slider__pagination\"><\/div>\n                    <\/div>\n                <\/div>\n            \n            <div class=\"slider__content-container slider__content-container--right\">    \n                <h2 class=\"slider__title mb-m\">Ce que nous proposons <accent>nos fleuristes ?<\/accent><\/h2>\n                <div class=\"slider__text mb-m\">\n                    <p>Nous sommes un sp\u00e9cialiste de la vente au d\u00e9tail de bouquets de fleurs nou\u00e9s \u00e0 la main en Europe. Nous sommes une entreprise de production dynamique et offrons un emploi \u00e0 temps plein dans le monde des fleurs et des plantes. Naturellement, cela inclut un salaire appropri\u00e9 conform\u00e9ment \u00e0 la convention collective de travail pour le commerce de gros des fleurs et des plantes, un environnement de travail agr\u00e9able et une \u00e9quipe informelle. En tant que bouquettier, vous et vos coll\u00e8gues \u00eates charg\u00e9s de confectionner diff\u00e9rents types de bouquets, d'arrangements et de mono plus. Vous suivez les instructions du chef de groupe, effectuez d'autres t\u00e2ches au sein de la production si n\u00e9cessaire et vous \u00eates responsable du nettoyage de votre lieu de travail.<\/p>\n<p>&nbsp;<\/p>\n<p>&nbsp;<\/p>\n                <\/div>\n                            <\/div>\n        <\/div>\n        \n    <\/div>\n\n\t\n\n    \n    <div class=\"slider slider--brown\">       \n        <div class=\"slider__container\">\n           \n                            <div class=\"slider__slider-container\">\n                    <div class=\"slider__slider swiper-container\">\n                        <div class=\"swiper-wrapper\">\n                                                                                            <div class=\"slider__slide swiper-slide\">\n                                    \n\t\t\t\t<img\n\t\t\t\t\tclass=\"slider__image\"\n\t\t\t\t\talt=\"Ma\u00eetres de la fleur de corne\"\n\t\t\t\t\tsrc=\"https:\/\/hoornbloommasters.com\/wp-content\/uploads\/2021\/11\/Hoorn-Bloom-Masters.jpg\"\n\t\t\t\t\tsrcset=\"\t\t\t\t\t\thttps:\/\/hoornbloommasters.com\/wp-content\/uploads\/2021\/11\/Hoorn-Bloom-Masters-640x360.jpg 640w,\t\t\t\t\t\thttps:\/\/hoornbloommasters.com\/wp-content\/uploads\/2021\/11\/Hoorn-Bloom-Masters-960x540.jpg 960w,\t\t\t\t\t\thttps:\/\/hoornbloommasters.com\/wp-content\/uploads\/2021\/11\/Hoorn-Bloom-Masters-1000x720.jpg 1280w,\t\t\t\t\t\thttps:\/\/hoornbloommasters.com\/wp-content\/uploads\/2021\/11\/Hoorn-Bloom-Masters.jpg 1920w\t\t\t\t\t\"\n\t\t\t\t>\n\n\t\t\t                                <\/div>\n                                                    <\/div>\n                        <div class=\"swiper-pagination slider__pagination\"><\/div>\n                    <\/div>\n                <\/div>\n            \n            <div class=\"slider__content-container slider__content-container--left\">    \n                <h2 class=\"slider__title mb-m\">Chez nous, chacun suit un <accent>un parcours de formation pour devenir un v\u00e9ritable ma\u00eetre du cartable !<\/accent><\/h2>\n                <div class=\"slider__text mb-m\">\n                    <p>Les consommateurs sont toujours critiques \u00e0 l'\u00e9gard de l'artisanat. Parce que nous voulons d\u00e9passer les attentes des consommateurs, il est important que nous formions notre \u00e9quipe. Gr\u00e2ce au programme de formation, qui permet d'obtenir diff\u00e9rents certificats, nous pouvons garantir que nos produits continuent \u00e0 r\u00e9pondre aux exigences de qualit\u00e9.<\/p>\n<p>&nbsp;<\/p>\n<p>&nbsp;<\/p>\n                <\/div>\n                            <\/div>\n        <\/div>\n        \n    <\/div>\n\n\t\n\n    \n    <div class=\"slider slider--white\">       \n        <div class=\"slider__container\">\n           \n                            <div class=\"slider__slider-container\">\n                    <div class=\"slider__slider swiper-container\">\n                        <div class=\"swiper-wrapper\">\n                                                                                            <div class=\"slider__slide swiper-slide\">\n                                    \n\t\t\t\t<img\n\t\t\t\t\tclass=\"slider__image\"\n\t\t\t\t\talt=\"DSC_boyjoostdustin\"\n\t\t\t\t\tsrc=\"https:\/\/hoornbloommasters.com\/wp-content\/uploads\/2021\/11\/HBM-ass-1.png\"\n\t\t\t\t\tsrcset=\"\t\t\t\t\t\thttps:\/\/hoornbloommasters.com\/wp-content\/uploads\/2021\/11\/HBM-ass-1-640x360.png 640w,\t\t\t\t\t\thttps:\/\/hoornbloommasters.com\/wp-content\/uploads\/2021\/11\/HBM-ass-1-960x540.png 960w,\t\t\t\t\t\thttps:\/\/hoornbloommasters.com\/wp-content\/uploads\/2021\/11\/HBM-ass-1-1000x720.png 1280w,\t\t\t\t\t\thttps:\/\/hoornbloommasters.com\/wp-content\/uploads\/2021\/11\/HBM-ass-1.png 1920w\t\t\t\t\t\"\n\t\t\t\t>\n\n\t\t\t                                <\/div>\n                                                    <\/div>\n                        <div class=\"swiper-pagination slider__pagination\"><\/div>\n                    <\/div>\n                <\/div>\n            \n            <div class=\"slider__content-container slider__content-container--right\">    \n                <h2 class=\"slider__title mb-m\"><accent>La sant\u00e9 de notre personnel est extr\u00eamement importante<\/accent> pour la qualit\u00e9 et la continuit\u00e9 !<\/h2>\n                <div class=\"slider__text mb-m\">\n                    <p>La qualit\u00e9 et la continuit\u00e9 font partie de nos valeurs fondamentales. Tout commence avec notre \u00e9quipe. Nous demandons beaucoup \u00e0 notre \u00e9quipe chaque jour, c'est pourquoi nous aimons aussi lui rendre la pareille. <\/p>\n<p>C'est pourquoi nous sommes heureux d'offrir un logement \u00e0 notre personnel. En permettant au personnel de vivre dans nos propres logements de qualit\u00e9, nous veillons \u00e0 ce que personne n'ait \u00e0 se soucier de sa situation de vie. Cela permet \u00e0 chacun de mieux se concentrer sur son travail. <\/p>\n<p>En plus du logement, nous avons lanc\u00e9 un programme sportif depuis 2020. Six jours par semaine, des cours d'exercices collectifs sont organis\u00e9s sur place pour toute l'\u00e9quipe de Hoornbloommasters. Notre personnel a \u00e9galement la possibilit\u00e9 de faire appel \u00e0 un physioth\u00e9rapeute, \u00e0 un coach et \u00e0 un nutritionniste deux jours par semaine. Cela nous permet de maintenir la qualit\u00e9 et la continuit\u00e9 de notre activit\u00e9 \u00e0 partir de la base.<\/p>\n                <\/div>\n                            <\/div>\n        <\/div>\n        \n    <\/div>\n\n\t\n\n    \n    <div class=\"spacer spacer--m spacer--\"><\/div>\n\n\t\n\n\n    <div class=\"vacancy-archive\">\n        <article>\n            <div class=\"vacancy-archive__header\">\n                <h1>Voir <accent>nos offres d'emploi<\/accent><\/h1>\n                <div class=\"vacancy-archive__header__content\">\n                                    <\/div>\n            <\/div>\n\n            <div class=\"vacancy-archive__body\">\n                <ul class=\"vacancy-list\">\n                                                                <li>\n                            <a href=\"https:\/\/hoornbloommasters.com\/fr\/postes-vacants\/bouquet-de-vacances\/\">\n                                <h5>Offre d'emploi de bouquettier<\/h5>\n\n                                \n                                <div class=\"view-vacancy\">\n                                    <p><span>Voir le poste vacant<\/span><\/p>\n                                    <svg width=\"22\" height=\"9\" viewbox=\"0 0 22 9\" fill=\"none\" xmlns=\"http:\/\/www.w3.org\/2000\/svg\">\n                                        <path d=\"M15.11 8.7C15.31 8.18 15.53 7.7 15.77 7.26C16.01 6.8 16.28 6.37 16.58 5.97H0.5V3.51H16.58C16.3 3.11 16.04 2.69 15.8 2.25C15.56 1.79 15.34 1.3 15.14 0.779999H17.42C18.66 2.24 20.02 3.35 21.5 4.11V5.4C20.02 6.12 18.66 7.22 17.42 8.7H15.11Z\" fill=\"white\"\/>\n                                    <\/svg>\n\n                                <\/div>\n                            <\/a>\n                        <\/li>\n                                            <li>\n                            <a href=\"https:\/\/hoornbloommasters.com\/fr\/postes-vacants\/production-de-bouquets-demballage\/\">\n                                <h5>Production de bouquets d'emballeuses<\/h5>\n\n                                \n                                <div class=\"view-vacancy\">\n                                    <p><span>Voir le poste vacant<\/span><\/p>\n                                    <svg width=\"22\" height=\"9\" viewbox=\"0 0 22 9\" fill=\"none\" xmlns=\"http:\/\/www.w3.org\/2000\/svg\">\n                                        <path d=\"M15.11 8.7C15.31 8.18 15.53 7.7 15.77 7.26C16.01 6.8 16.28 6.37 16.58 5.97H0.5V3.51H16.58C16.3 3.11 16.04 2.69 15.8 2.25C15.56 1.79 15.34 1.3 15.14 0.779999H17.42C18.66 2.24 20.02 3.35 21.5 4.11V5.4C20.02 6.12 18.66 7.22 17.42 8.7H15.11Z\" fill=\"white\"\/>\n                                    <\/svg>\n\n                                <\/div>\n                            <\/a>\n                        <\/li>\n                                            <li>\n                            <a href=\"https:\/\/hoornbloommasters.com\/fr\/postes-vacants\/preparateur-de-commandes-de-fleurs\/\">\n                                <h5>Pr\u00e9parateur de commandes de fleurs<\/h5>\n\n                                \n                                <div class=\"view-vacancy\">\n                                    <p><span>Voir le poste vacant<\/span><\/p>\n                                    <svg width=\"22\" height=\"9\" viewbox=\"0 0 22 9\" fill=\"none\" xmlns=\"http:\/\/www.w3.org\/2000\/svg\">\n                                        <path d=\"M15.11 8.7C15.31 8.18 15.53 7.7 15.77 7.26C16.01 6.8 16.28 6.37 16.58 5.97H0.5V3.51H16.58C16.3 3.11 16.04 2.69 15.8 2.25C15.56 1.79 15.34 1.3 15.14 0.779999H17.42C18.66 2.24 20.02 3.35 21.5 4.11V5.4C20.02 6.12 18.66 7.22 17.42 8.7H15.11Z\" fill=\"white\"\/>\n                                    <\/svg>\n\n                                <\/div>\n                            <\/a>\n                        <\/li>\n                                    <\/ul>\n            <\/div>\n        <\/article>\n    <\/div>\n\n\t\n\n    \n    <div class=\"spacer spacer--m spacer--primary\"><\/div>\n\n\t\n\n    \n    <div class=\"cta-bar cta-bar--primary cta-bar--no-button paralax-images\">\n        \n        <div class=\"cta-bar__container wrapper\">\n            <div class=\"cta-bar__image-container\">\n                <img src=\"https:\/\/hoornbloommasters.com\/wp-content\/themes\/deboprojects\/img\/flower.svg\" alt=\"Hoorn Bloommasters\" class=\"cta-bar__image paralax-image\">\n            <\/div>\n            <div class=\"cta-bar__content\">\n                <h2 class=\"cta-bar__title mb-s\">Nous sommes <accent>Hoorn Bloommasters<\/accent><\/h2>\n                <div class=\"cta-bar__text\">\n                    <p>\"Nos clients et nous-m\u00eames sommes leaders sur le march\u00e9 de la production et de la vente de produits artisanaux. Le consommateur qui a achet\u00e9 nos produits revient la prochaine fois pour une vente suppl\u00e9mentaire.<\/p>\n                <\/div>\n            <\/div>\n                    <\/div>\n\n    <\/div>","protected":false},"excerpt":{"rendered":"","protected":false},"author":1,"featured_media":0,"parent":172,"menu_order":0,"comment_status":"closed","ping_status":"closed","template":"","meta":{"_acf_changed":false,"footnotes":""},"class_list":["post-548","page","type-page","status-publish","hentry"],"acf":[],"yoast_head":"<!-- This site is optimized with the Yoast SEO plugin v26.0 - https:\/\/yoast.com\/wordpress\/plugins\/seo\/ -->\n<title>Werken bij - Hoorn Bloommasters<\/title>\n<meta name=\"robots\" content=\"index, follow, max-snippet:-1, max-image-preview:large, max-video-preview:-1\" \/>\n<link rel=\"canonical\" href=\"https:\/\/hoornbloommasters.com\/fr\/a-propos-de-nous\/travailler-a\/\" \/>\n<meta property=\"og:locale\" content=\"fr_FR\" \/>\n<meta property=\"og:type\" content=\"article\" \/>\n<meta property=\"og:title\" content=\"Werken bij - Hoorn Bloommasters\" \/>\n<meta property=\"og:url\" content=\"https:\/\/hoornbloommasters.com\/fr\/a-propos-de-nous\/travailler-a\/\" \/>\n<meta property=\"og:site_name\" content=\"Hoorn Bloommasters\" \/>\n<meta property=\"article:modified_time\" content=\"2024-01-31T16:15:57+00:00\" \/>\n<meta name=\"twitter:card\" content=\"summary_large_image\" \/>\n<meta name=\"twitter:label1\" content=\"Dur\u00e9e de lecture estim\u00e9e\" \/>\n\t<meta name=\"twitter:data1\" content=\"3 minutes\" \/>\n<script type=\"application\/ld+json\" class=\"yoast-schema-graph\">{\"@context\":\"https:\/\/schema.org\",\"@graph\":[{\"@type\":\"WebPage\",\"@id\":\"https:\/\/hoornbloommasters.com\/over-ons\/werken-bij\/\",\"url\":\"https:\/\/hoornbloommasters.com\/over-ons\/werken-bij\/\",\"name\":\"Werken bij - Hoorn Bloommasters\",\"isPartOf\":{\"@id\":\"https:\/\/hoornbloommasters.com\/#website\"},\"datePublished\":\"2020-11-09T13:56:13+00:00\",\"dateModified\":\"2024-01-31T16:15:57+00:00\",\"breadcrumb\":{\"@id\":\"https:\/\/hoornbloommasters.com\/over-ons\/werken-bij\/#breadcrumb\"},\"inLanguage\":\"fr-FR\",\"potentialAction\":[{\"@type\":\"ReadAction\",\"target\":[\"https:\/\/hoornbloommasters.com\/over-ons\/werken-bij\/\"]}]},{\"@type\":\"BreadcrumbList\",\"@id\":\"https:\/\/hoornbloommasters.com\/over-ons\/werken-bij\/#breadcrumb\",\"itemListElement\":[{\"@type\":\"ListItem\",\"position\":1,\"name\":\"Home\",\"item\":\"https:\/\/hoornbloommasters.com\/\"},{\"@type\":\"ListItem\",\"position\":2,\"name\":\"Over ons\",\"item\":\"https:\/\/hoornbloommasters.com\/over-ons\/\"},{\"@type\":\"ListItem\",\"position\":3,\"name\":\"Werken bij\"}]},{\"@type\":\"WebSite\",\"@id\":\"https:\/\/hoornbloommasters.com\/#website\",\"url\":\"https:\/\/hoornbloommasters.com\/\",\"name\":\"Hoorn Bloommasters\",\"description\":\"\",\"publisher\":{\"@id\":\"https:\/\/hoornbloommasters.com\/#organization\"},\"potentialAction\":[{\"@type\":\"SearchAction\",\"target\":{\"@type\":\"EntryPoint\",\"urlTemplate\":\"https:\/\/hoornbloommasters.com\/?s={search_term_string}\"},\"query-input\":{\"@type\":\"PropertyValueSpecification\",\"valueRequired\":true,\"valueName\":\"search_term_string\"}}],\"inLanguage\":\"fr-FR\"},{\"@type\":\"Organization\",\"@id\":\"https:\/\/hoornbloommasters.com\/#organization\",\"name\":\"Hoorn Bloom Masters\",\"url\":\"https:\/\/hoornbloommasters.com\/\",\"logo\":{\"@type\":\"ImageObject\",\"inLanguage\":\"fr-FR\",\"@id\":\"https:\/\/hoornbloommasters.com\/#\/schema\/logo\/image\/\",\"url\":\"https:\/\/hoornbloommasters.com\/wp-content\/uploads\/2020\/09\/hoorn-logo-2.svg\",\"contentUrl\":\"https:\/\/hoornbloommasters.com\/wp-content\/uploads\/2020\/09\/hoorn-logo-2.svg\",\"width\":340,\"height\":213,\"caption\":\"Hoorn Bloom Masters\"},\"image\":{\"@id\":\"https:\/\/hoornbloommasters.com\/#\/schema\/logo\/image\/\"}}]}<\/script>\n<!-- \/ Yoast SEO plugin. -->","yoast_head_json":{"title":"Travailler \u00e0 - Hoorn Bloommasters","robots":{"index":"index","follow":"follow","max-snippet":"max-snippet:-1","max-image-preview":"max-image-preview:large","max-video-preview":"max-video-preview:-1"},"canonical":"https:\/\/hoornbloommasters.com\/fr\/a-propos-de-nous\/travailler-a\/","og_locale":"fr_FR","og_type":"article","og_title":"Werken bij - Hoorn Bloommasters","og_url":"https:\/\/hoornbloommasters.com\/fr\/a-propos-de-nous\/travailler-a\/","og_site_name":"Hoorn Bloommasters","article_modified_time":"2024-01-31T16:15:57+00:00","twitter_card":"summary_large_image","twitter_misc":{"Dur\u00e9e de lecture estim\u00e9e":"3 minutes"},"schema":{"@context":"https:\/\/schema.org","@graph":[{"@type":"WebPage","@id":"https:\/\/hoornbloommasters.com\/over-ons\/werken-bij\/","url":"https:\/\/hoornbloommasters.com\/over-ons\/werken-bij\/","name":"Travailler \u00e0 - Hoorn Bloommasters","isPartOf":{"@id":"https:\/\/hoornbloommasters.com\/#website"},"datePublished":"2020-11-09T13:56:13+00:00","dateModified":"2024-01-31T16:15:57+00:00","breadcrumb":{"@id":"https:\/\/hoornbloommasters.com\/over-ons\/werken-bij\/#breadcrumb"},"inLanguage":"fr-FR","potentialAction":[{"@type":"ReadAction","target":["https:\/\/hoornbloommasters.com\/over-ons\/werken-bij\/"]}]},{"@type":"BreadcrumbList","@id":"https:\/\/hoornbloommasters.com\/over-ons\/werken-bij\/#breadcrumb","itemListElement":[{"@type":"ListItem","position":1,"name":"Home","item":"https:\/\/hoornbloommasters.com\/"},{"@type":"ListItem","position":2,"name":"Over ons","item":"https:\/\/hoornbloommasters.com\/over-ons\/"},{"@type":"ListItem","position":3,"name":"Werken bij"}]},{"@type":"WebSite","@id":"https:\/\/hoornbloommasters.com\/#website","url":"https:\/\/hoornbloommasters.com\/","name":"Hoorn Bloommasters","description":"","publisher":{"@id":"https:\/\/hoornbloommasters.com\/#organization"},"potentialAction":[{"@type":"SearchAction","target":{"@type":"EntryPoint","urlTemplate":"https:\/\/hoornbloommasters.com\/?s={search_term_string}"},"query-input":{"@type":"PropertyValueSpecification","valueRequired":true,"valueName":"search_term_string"}}],"inLanguage":"fr-FR"},{"@type":"Organization","@id":"https:\/\/hoornbloommasters.com\/#organization","name":"Ma\u00eetres de la fleur de corne","url":"https:\/\/hoornbloommasters.com\/","logo":{"@type":"ImageObject","inLanguage":"fr-FR","@id":"https:\/\/hoornbloommasters.com\/#\/schema\/logo\/image\/","url":"https:\/\/hoornbloommasters.com\/wp-content\/uploads\/2020\/09\/hoorn-logo-2.svg","contentUrl":"https:\/\/hoornbloommasters.com\/wp-content\/uploads\/2020\/09\/hoorn-logo-2.svg","width":340,"height":213,"caption":"Hoorn Bloom Masters"},"image":{"@id":"https:\/\/hoornbloommasters.com\/#\/schema\/logo\/image\/"}}]}},"_links":{"self":[{"href":"https:\/\/hoornbloommasters.com\/fr\/wp-json\/wp\/v2\/pages\/548","targetHints":{"allow":["GET"]}}],"collection":[{"href":"https:\/\/hoornbloommasters.com\/fr\/wp-json\/wp\/v2\/pages"}],"about":[{"href":"https:\/\/hoornbloommasters.com\/fr\/wp-json\/wp\/v2\/types\/page"}],"author":[{"embeddable":true,"href":"https:\/\/hoornbloommasters.com\/fr\/wp-json\/wp\/v2\/users\/1"}],"replies":[{"embeddable":true,"href":"https:\/\/hoornbloommasters.com\/fr\/wp-json\/wp\/v2\/comments?post=548"}],"version-history":[{"count":20,"href":"https:\/\/hoornbloommasters.com\/fr\/wp-json\/wp\/v2\/pages\/548\/revisions"}],"predecessor-version":[{"id":2670,"href":"https:\/\/hoornbloommasters.com\/fr\/wp-json\/wp\/v2\/pages\/548\/revisions\/2670"}],"up":[{"embeddable":true,"href":"https:\/\/hoornbloommasters.com\/fr\/wp-json\/wp\/v2\/pages\/172"}],"wp:attachment":[{"href":"https:\/\/hoornbloommasters.com\/fr\/wp-json\/wp\/v2\/media?parent=548"}],"curies":[{"name":"wp","href":"https:\/\/api.w.org\/{rel}","templated":true}]}}