{"id":2479,"date":"2024-01-18T09:03:20","date_gmt":"2024-01-18T09:03:20","guid":{"rendered":"https:\/\/hoornbloommasters.com\/?page_id=2479"},"modified":"2024-02-01T10:14:00","modified_gmt":"2024-02-01T10:14:00","slug":"einsenden","status":"publish","type":"page","link":"https:\/\/hoornbloommasters.com\/de-ch\/kontinuitat\/einsenden\/","title":{"rendered":"Modell der Lenkung"},"content":{"rendered":"<div class=\"page-intro-w-overlay\">\n        <div class=\"page-intro-w-overlay__container\">\n            <div class=\"page-intro-w-overlay__title-image-container\">\n                <div class=\"page-intro-w-overlay__title-container\" data-left=\"0\" data-right=\"0\">\n                    <h2 class=\"page-intro-w-overlay__title\">Kontinuierliche Verbesserung mit uns <accent>smartes Einstiegsmodell<\/accent><\/h2>\n                <\/div>\n                <div class=\"page-intro-w-overlay__image-container\">\n                    <img loading=\"lazy\" width=\"2560\" height=\"1270\" src=\"https:\/\/hoornbloommasters.com\/wp-content\/uploads\/2024\/01\/instuurmodel-screen-large-scaled.webp\" class=\"attachment-page-intro__image size-page-intro__image\" alt=\"\" srcset=\"https:\/\/hoornbloommasters.com\/wp-content\/uploads\/2024\/01\/instuurmodel-screen-large-scaled.webp 2560w, https:\/\/hoornbloommasters.com\/wp-content\/uploads\/2024\/01\/instuurmodel-screen-large-300x149.webp 300w, https:\/\/hoornbloommasters.com\/wp-content\/uploads\/2024\/01\/instuurmodel-screen-large-1024x508.webp 1024w, https:\/\/hoornbloommasters.com\/wp-content\/uploads\/2024\/01\/instuurmodel-screen-large-768x381.webp 768w, https:\/\/hoornbloommasters.com\/wp-content\/uploads\/2024\/01\/instuurmodel-screen-large-1536x762.webp 1536w, https:\/\/hoornbloommasters.com\/wp-content\/uploads\/2024\/01\/instuurmodel-screen-large-2048x1016.webp 2048w, https:\/\/hoornbloommasters.com\/wp-content\/uploads\/2024\/01\/instuurmodel-screen-large-18x9.webp 18w, https:\/\/hoornbloommasters.com\/wp-content\/uploads\/2024\/01\/instuurmodel-screen-large-640x317.webp 640w, https:\/\/hoornbloommasters.com\/wp-content\/uploads\/2024\/01\/instuurmodel-screen-large-960x476.webp 960w, https:\/\/hoornbloommasters.com\/wp-content\/uploads\/2024\/01\/instuurmodel-screen-large-1280x635.webp 1280w, https:\/\/hoornbloommasters.com\/wp-content\/uploads\/2024\/01\/instuurmodel-screen-large-1920x952.webp 1920w\" sizes=\"auto, (max-width: 2560px) 100vw, 2560px\" \/>                <\/div>\n            <\/div>\n            <div class=\"page-intro-w-overlay__text-container\">\n                <p>Das Eintrittsmodell ist ein digitaler Weg, um den Eintritt in den Laden zu steuern. Wir bieten attraktive Blumenpr\u00e4sentationen, die das Einkaufserlebnis verbessern, und sorgen auf diese Weise auch f\u00fcr die richtigen Zahlen, um die KPIs zu erf\u00fcllen.<\/p>\n            <\/div>\n            <div class=\"page-intro-w-overlay__scroll-container scroll-container\" id=\"scroll-container\">\n                <span class=\"scroll-container__scroll-text\">Schriftrolle<\/span>\n                <div class=\"scroll-container__scroll-svg\">\n                    <svg xmlns=\"http:\/\/www.w3.org\/2000\/svg\" viewbox=\"0 0 98 220\">\n                        <defs>\n                            <clippath clippathunits=\"userSpaceOnUse\" id=\"cp1\">\n                                <path d=\"M0 0L2181 0L2181 746L0 746Z\" \/>\n                            <\/clippath>\n                        <\/defs>\n                        <g clip-path=\"url(#cp1)\">\n                            <path fill=\"FFFFFF\" id=\"Path 42\" class=\"shp0\" d=\"M39.56 87.43C39.56 87.43 46.68 208.34 47.25 214.77C47.82 221.2 43.87 221.49 43.87 221.49C43.87 221.49 40.27 194.78 38.81 172.75C37.34 150.71 36.42 114.44 35.82 110.79C35.24 107.13 35.27 84.45 35.27 84.45C35.27 84.45 34.83 85.49 36.38 84.43C37.93 83.36 40.32 87.26 39.56 87.43Z\" \/>\n                            <path fill=\"FFFFFF\" id=\"Path 86\" class=\"shp0\" d=\"M42.93 86.61C42.93 86.61 43.89 88.16 47.93 86.88C51.98 85.59 56.47 83.78 59.25 79.09C62.03 74.41 63.87 67.96 66.63 63.67C69.39 59.37 76.03 52.96 80.56 46.99C85.09 41.01 90.2 35.73 90.93 30.49C91.65 25.24 92.18 19.76 91.87 17.92C91.56 16.07 91.73 16.7 83.29 21.8C74.84 26.9 67.14 29.94 65.36 35.4C63.58 40.86 60.92 43.38 60.92 43.38C60.92 43.38 60.08 40.05 58.57 33.62C57.07 27.19 56.99 28.57 55.04 19.08C53.08 9.59 53.37 8.25 51.58 6.74C49.79 5.24 48.56 4.82 48.56 4.82C48.56 4.82 48.28 9.55 47.98 11.09C47.68 12.63 46.74 14.45 46.74 14.45C46.74 14.45 46.2 9.53 44.41 6.23C42.62 2.92 41.11 1.76 41.11 1.76C41.11 1.76 40.08 1.58 39.51 0.68C38.93 -0.21 38.15 0.75 37.78 1.68C37.41 2.62 36.63 5.17 36.63 5.17C36.63 5.17 36.26 4.31 35.1 2.71C33.94 1.12 33.36 0.42 32.74 2C32.13 3.59 29.91 18.17 28.57 19.64C27.24 21.1 27.08 21.87 27.08 21.87C27.08 21.87 26.45 18.37 24.44 15.23C22.43 12.09 21.89 8.8 17.4 7.02C12.91 5.24 7.81 2.96 7.81 2.96C7.81 2.96 5.46 2.15 3.47 2.21C1.48 2.26 -0.07 1.99 0.46 3.58C1 5.17 7.45 14.57 9.53 18.32C11.61 22.08 13.66 28.12 14.75 34.4C15.85 40.67 18.24 46.27 18.48 52.8C18.73 59.33 20.41 66.31 20.68 68.75C20.96 71.19 22.78 75.8 24.59 78.71C26.41 81.61 28.07 83.6 30.82 84.87C33.56 86.15 33.12 86.57 34.4 86.1C35.68 85.62 36.1 85.69 38.48 86.1C40.86 86.52 42.93 86.61 42.93 86.61Z\" \/>\n                        <\/g>\n                    <\/svg>\n                <\/div>\n            <\/div>\n        <\/div>\n    <\/div>\n\n\t\n\n    <div class=\"values-text-only\">\n        <div class=\"wrapper\">\n            <h2 class=\"values-text-only__title\">Vorhersagen unter Verwendung einer Reihe von <accent>praktische Schritte<\/accent><\/h2>\n            <div class=\"values-text-only__text\">\n                            <\/div>\n        <\/div>\n                    <div class=\"values-text-only__container\">\n                                    \n                    <div class=\"values-text-only-item values-text-only-item--background--white\">\n                        <div class=\"values-text-only-item__content-container values-text-only-item__content-container--text--secondary\">\n                            <h3 class=\"values-text-only-item__title mb-xs\">Index vergr\u00f6\u00dfern<\/h3>\n                            <div class=\"values-text-only-item__text\"><p>Gemeinsam mit dem Kunden legen wir den Jahresindex f\u00fcr das kommende Jahr fest. Dieser Index steht f\u00fcr das Wachstum, das wir gemeinsam steuern m\u00fcssen.<\/p>\n<\/div>\n                        <\/div>\n\n                    <\/div>\n\n                                    \n                    <div class=\"values-text-only-item values-text-only-item--background--quinary\">\n                        <div class=\"values-text-only-item__content-container values-text-only-item__content-container--text--white\">\n                            <h3 class=\"values-text-only-item__title mb-xs\">Klassifizierung und Modellierung des Umsatzes<\/h3>\n                            <div class=\"values-text-only-item__text\"><p>Es ist wichtig, im Voraus festzulegen, wie der Umsatz erreicht werden soll. Dies geschieht durch eine ganzj\u00e4hrige Planung.<\/p>\n<\/div>\n                        <\/div>\n\n                    <\/div>\n\n                                    \n                    <div class=\"values-text-only-item values-text-only-item--background--tertiary\">\n                        <div class=\"values-text-only-item__content-container values-text-only-item__content-container--text--white\">\n                            <h3 class=\"values-text-only-item__title mb-xs\">Daten analysieren und nach Woche anpassen<\/h3>\n                            <div class=\"values-text-only-item__text\"><p>Der festgelegte Index sollte durch w\u00f6chentliche, periodische und viertelj\u00e4hrliche Kontrollen aufrechterhalten werden. Durch kontinuierliche Modellierung stellen wir die Festlegung dieser Ziele sicher.<\/p>\n<\/div>\n                        <\/div>\n\n                    <\/div>\n\n                                    \n                    <div class=\"values-text-only-item values-text-only-item--background--quaternary\">\n                        <div class=\"values-text-only-item__content-container values-text-only-item__content-container--text--white\">\n                            <h3 class=\"values-text-only-item__title mb-xs\">Festlegung und Festsetzung des Umsatzziels<\/h3>\n                            <div class=\"values-text-only-item__text\"><p>Der Index, den wir in der Vergangenheit erreicht haben, dient als Grundlage f\u00fcr die Festlegung k\u00fcnftiger Umsatzziele. Dieser wird w\u00f6chentlich angepasst.<\/p>\n<\/div>\n                        <\/div>\n\n                    <\/div>\n\n                                    \n                    <div class=\"values-text-only-item values-text-only-item--background--secondary\">\n                        <div class=\"values-text-only-item__content-container values-text-only-item__content-container--text--white\">\n                            <h3 class=\"values-text-only-item__title mb-xs\">Hinzuf\u00fcgen von Variablensammlungen<\/h3>\n                            <div class=\"values-text-only-item__text\"><p>Um ein optimales Sortiment aufzubauen und Wachstum zu erzielen, arbeiten wir mit variablen Kollektionen. Dies erm\u00f6glicht uns den Wechsel zwischen No-Sales und Yes-Sales.<\/p>\n<\/div>\n                        <\/div>\n\n                    <\/div>\n\n                                    \n                    <div class=\"values-text-only-item values-text-only-item--background--white\">\n                        <div class=\"values-text-only-item__content-container values-text-only-item__content-container--text--secondary\">\n                            <h3 class=\"values-text-only-item__title mb-xs\">Extras f\u00fcr maximale Effizienz<\/h3>\n                            <div class=\"values-text-only-item__text\"><p>Neben den bestehenden Linien halten wir es f\u00fcr wichtig, auf dem Markt flexibel zu sein. Unsere bestehenden Linien haben ganzj\u00e4hrige Preise, aber um das Beste aus der Kette herauszuholen, arbeiten wir mit zus\u00e4tzlichen Aktionen. Diese Aktionen sollten jedoch die bestehenden Vereinbarungen mit den Erzeugern und das Sortiment nicht beeintr\u00e4chtigen.<\/p>\n<\/div>\n                        <\/div>\n\n                    <\/div>\n\n                            <\/div>\n        \n    <\/div>\n\n\n\n    \n    <div class=\"spacer spacer--s spacer--primary\"><\/div>\n\n\t\n\n    <div class=\"usp-list__outer\">\n        <div class=\"usp-list\">\n\n            <h2 class=\"usp-list__title mb-xl\"><accent>Unsere Daten bestehen aus<\/accent><br\/>sechs wesentliche Bereiche der Unterst\u00fctzung<\/h2>\n            <div class=\"usp-list__container\">\n                <div class=\"usp-list__inner\">\n                        <div class=\"usp-list__inner__circle\"><\/div>\n                    <div class=\"usp-list__inner__text\">\n                        <h3 class=\"usp-list__inner__text__title mb-m\">Unser Datenmodell<\/h3>\n                        <ul>\n                                                            <li>Module<\/li>\n                                                            <li>Margenpolitik<\/li>\n                                                            <li>Liefertage<\/li>\n                                                            <li>Logistik<\/li>\n                                                            <li>Nachhaltigkeit<\/li>\n                                                            <li>Index<\/li>\n                                                    <\/ul>\n                    <\/div>\n                    <div class=\"usp-list__inner__images\">\n                        <div class=\"usp-list__inner__images__inner\">\n\n                            <div class=\"usp-list__inner__images__image usp-list__inner__images__image--1 animated animated--slide-up\">\n                                <img loading=\"lazy\" width=\"2560\" height=\"1659\" src=\"https:\/\/hoornbloommasters.com\/wp-content\/uploads\/2024\/01\/instuurmodel-screen1-scaled.webp\" class=\"attachment-full size-full\" alt=\"\" srcset=\"https:\/\/hoornbloommasters.com\/wp-content\/uploads\/2024\/01\/instuurmodel-screen1-scaled.webp 2560w, https:\/\/hoornbloommasters.com\/wp-content\/uploads\/2024\/01\/instuurmodel-screen1-300x194.webp 300w, https:\/\/hoornbloommasters.com\/wp-content\/uploads\/2024\/01\/instuurmodel-screen1-1024x664.webp 1024w, https:\/\/hoornbloommasters.com\/wp-content\/uploads\/2024\/01\/instuurmodel-screen1-768x498.webp 768w, https:\/\/hoornbloommasters.com\/wp-content\/uploads\/2024\/01\/instuurmodel-screen1-1536x996.webp 1536w, https:\/\/hoornbloommasters.com\/wp-content\/uploads\/2024\/01\/instuurmodel-screen1-2048x1327.webp 2048w, https:\/\/hoornbloommasters.com\/wp-content\/uploads\/2024\/01\/instuurmodel-screen1-18x12.webp 18w, https:\/\/hoornbloommasters.com\/wp-content\/uploads\/2024\/01\/instuurmodel-screen1-640x415.webp 640w, https:\/\/hoornbloommasters.com\/wp-content\/uploads\/2024\/01\/instuurmodel-screen1-960x622.webp 960w, https:\/\/hoornbloommasters.com\/wp-content\/uploads\/2024\/01\/instuurmodel-screen1-1280x830.webp 1280w, https:\/\/hoornbloommasters.com\/wp-content\/uploads\/2024\/01\/instuurmodel-screen1-1920x1244.webp 1920w\" sizes=\"auto, (max-width: 2560px) 100vw, 2560px\" \/>                            <\/div>\n                            <div class=\"usp-list__inner__images__image usp-list__inner__images__image--2 animated animated--slide-up animated--delay\">\n                                <img loading=\"lazy\" width=\"2560\" height=\"1659\" src=\"https:\/\/hoornbloommasters.com\/wp-content\/uploads\/2024\/01\/instuurmodel-screen2-scaled.webp\" class=\"attachment-full size-full\" alt=\"\" srcset=\"https:\/\/hoornbloommasters.com\/wp-content\/uploads\/2024\/01\/instuurmodel-screen2-scaled.webp 2560w, https:\/\/hoornbloommasters.com\/wp-content\/uploads\/2024\/01\/instuurmodel-screen2-300x194.webp 300w, https:\/\/hoornbloommasters.com\/wp-content\/uploads\/2024\/01\/instuurmodel-screen2-1024x664.webp 1024w, https:\/\/hoornbloommasters.com\/wp-content\/uploads\/2024\/01\/instuurmodel-screen2-768x498.webp 768w, https:\/\/hoornbloommasters.com\/wp-content\/uploads\/2024\/01\/instuurmodel-screen2-1536x996.webp 1536w, https:\/\/hoornbloommasters.com\/wp-content\/uploads\/2024\/01\/instuurmodel-screen2-2048x1327.webp 2048w, https:\/\/hoornbloommasters.com\/wp-content\/uploads\/2024\/01\/instuurmodel-screen2-18x12.webp 18w, https:\/\/hoornbloommasters.com\/wp-content\/uploads\/2024\/01\/instuurmodel-screen2-640x415.webp 640w, https:\/\/hoornbloommasters.com\/wp-content\/uploads\/2024\/01\/instuurmodel-screen2-960x622.webp 960w, https:\/\/hoornbloommasters.com\/wp-content\/uploads\/2024\/01\/instuurmodel-screen2-1280x830.webp 1280w, https:\/\/hoornbloommasters.com\/wp-content\/uploads\/2024\/01\/instuurmodel-screen2-1920x1244.webp 1920w\" sizes=\"auto, (max-width: 2560px) 100vw, 2560px\" \/>                            <\/div>\n                        <\/div>\n                    <\/div>\n\n                <\/div>\n            <\/div>\n        <\/div>\n    <\/div>\n    \n\n    \n    <div class=\"spacer spacer--m spacer--primary\"><\/div>\n\n\t\n\n    <div class=\"image-left-text-right\">\n        <h2 class=\"image-left-text-right__title mb-xl\">Das Einstiegsmodell<\/h2>\n\n        <div class=\"image-left-text-right__container\">\n            <div class=\"image-left-text-right__row\">\n                <div class=\"image-left-text-right__step image-left-text-right__step--image\">\n                    \n\t\t\t\t<img\n\t\t\t\t\tclass=\"image-left-text-right__side-image\"\n\t\t\t\t\talt=\"HBM-Diagramm DE\"\n\t\t\t\t\tsrc=\"https:\/\/hoornbloommasters.com\/wp-content\/uploads\/2024\/01\/HBM-schema-DE.svg\"\n\t\t\t\t>\n\n\t\t\t                <\/div>\n                <div class=\"image-left-text-right__step image-left-text-right__step--two\">\n\n                    <p class=\"image-left-text-right__step-number\">\n                        So funktioniert es                    <\/p>\n                    <h3 class=\"image-left-text-right__step-title mb-s\"><\/h3>\n                    <div class=\"image-left-text-right__step-text\">\n                        <p>Das Einstiegsmodell wurde als strukturierter Ansatz zur Optimierung der Blumenpr\u00e4sentation auf Gesch\u00e4ftsebene entwickelt. In Zusammenarbeit mit unseren Kunden legen wir j\u00e4hrlich einen Index f\u00fcr das gemeinsame Wachstum fest. Dies beginnt mit der Vorausbestimmung der Umsatzrealisierung durch eine detaillierte Ganzjahresplanung, bei der wir sorgf\u00e4ltig klassifizieren und modellieren. Der ermittelte Index wird dann w\u00f6chentlich, periodisch und viertelj\u00e4hrlich analysiert und angepasst, wobei eine kontinuierliche Modellierung erfolgt, um Ziele festzulegen und beizubehalten.<\/p>\n<p>Um ein optimales Sortiment zu schaffen und Wachstum zu erzielen, verwenden wir variable Kollektionen, die es uns erm\u00f6glichen, flexibel sowohl auf Nichtverk\u00e4ufe als auch auf Ja-Verk\u00e4ufe zu reagieren. Dar\u00fcber hinaus f\u00fcgen wir unseren bestehenden Linien Werbeaktionen hinzu, um besser auf die Marktnachfrage reagieren zu k\u00f6nnen. Entscheidend ist jedoch, dass diese Ma\u00dfnahmen nicht mit den bestehenden Vereinbarungen mit den Erzeugern und dem aktuellen Sortiment kollidieren. Kurz gesagt, das Ratenzahlungsmodell bietet nicht nur eine digitalisierte Beratung auf Ladenebene, sondern integriert auch Strategien wie die Bestimmung des Jahresindexes, die Modellierung des Umsatzes, die Festlegung von Verkaufszielen und die Hinzuf\u00fcgung variabler Kollektionen und Aktionen. So k\u00f6nnen wir flexibel auf die Marktdynamik reagieren und die besten Ergebnisse f\u00fcr H\u00e4ndler und Erzeuger erzielen.<\/p>\n                    <\/div>\n                <\/div>\n            <\/div>\n        <\/div>\n    <\/div>\n\n\n\t\n\n    \n    <div class=\"spacer spacer--l spacer--primary\"><\/div>\n\n\t\n\n    \n    <div class=\"cta-bar cta-bar--primary cta-bar--no-button paralax-images\">\n        \n        <div class=\"cta-bar__container wrapper\">\n            <div class=\"cta-bar__image-container\">\n                <img src=\"https:\/\/hoornbloommasters.com\/wp-content\/themes\/deboprojects\/img\/flower.svg\" alt=\"Hoorn Bloommasters\" class=\"cta-bar__image paralax-image\">\n            <\/div>\n            <div class=\"cta-bar__content\">\n                <h2 class=\"cta-bar__title mb-s\"><accent>Haben Sie noch Fragen?<\/accent><\/h2>\n                <div class=\"cta-bar__text\">\n                    <p>Gerne erz\u00e4hlen wir Ihnen in einem pers\u00f6nlichen Gespr\u00e4ch mehr \u00fcber unsere Dienstleistungen und Produkte. Rufen Sie  an. <a href=\"tel:+310297325150\">+31 0297 325 150<\/a> oder per Post an <a href=\"mailto:info@hoornbloommasters.com\">info@hoornbloommasters.com<\/a>.<\/p>\n                <\/div>\n            <\/div>\n                    <\/div>\n\n    <\/div>\n\n\t\n\n    \n    <div class=\"spacer spacer--l spacer--primary\"><\/div>","protected":false},"excerpt":{"rendered":"","protected":false},"author":1,"featured_media":0,"parent":391,"menu_order":0,"comment_status":"closed","ping_status":"closed","template":"","meta":{"_acf_changed":false,"footnotes":""},"class_list":["post-2479","page","type-page","status-publish","hentry"],"acf":[],"yoast_head":"<!-- This site is optimized with the Yoast SEO plugin v26.0 - https:\/\/yoast.com\/wordpress\/plugins\/seo\/ -->\n<title>Instuurmodel - Hoorn Bloommasters<\/title>\n<meta name=\"robots\" content=\"index, follow, max-snippet:-1, max-image-preview:large, max-video-preview:-1\" \/>\n<link rel=\"canonical\" href=\"https:\/\/hoornbloommasters.com\/de-ch\/kontinuitat\/einsenden\/\" \/>\n<meta property=\"og:locale\" content=\"de_DE\" \/>\n<meta property=\"og:type\" content=\"article\" \/>\n<meta property=\"og:title\" content=\"Instuurmodel - Hoorn Bloommasters\" \/>\n<meta property=\"og:url\" content=\"https:\/\/hoornbloommasters.com\/de-ch\/kontinuitat\/einsenden\/\" \/>\n<meta property=\"og:site_name\" content=\"Hoorn Bloommasters\" \/>\n<meta property=\"article:modified_time\" content=\"2024-02-01T10:14:00+00:00\" \/>\n<meta name=\"twitter:card\" content=\"summary_large_image\" \/>\n<meta name=\"twitter:label1\" content=\"Gesch\u00e4tzte Lesezeit\" \/>\n\t<meta name=\"twitter:data1\" content=\"4\u00a0Minuten\" \/>\n<script type=\"application\/ld+json\" class=\"yoast-schema-graph\">{\"@context\":\"https:\/\/schema.org\",\"@graph\":[{\"@type\":\"WebPage\",\"@id\":\"https:\/\/hoornbloommasters.com\/continuiteit\/instuurmodel\/\",\"url\":\"https:\/\/hoornbloommasters.com\/continuiteit\/instuurmodel\/\",\"name\":\"Instuurmodel - Hoorn Bloommasters\",\"isPartOf\":{\"@id\":\"https:\/\/hoornbloommasters.com\/#website\"},\"datePublished\":\"2024-01-18T09:03:20+00:00\",\"dateModified\":\"2024-02-01T10:14:00+00:00\",\"breadcrumb\":{\"@id\":\"https:\/\/hoornbloommasters.com\/continuiteit\/instuurmodel\/#breadcrumb\"},\"inLanguage\":\"de-CH\",\"potentialAction\":[{\"@type\":\"ReadAction\",\"target\":[\"https:\/\/hoornbloommasters.com\/continuiteit\/instuurmodel\/\"]}]},{\"@type\":\"BreadcrumbList\",\"@id\":\"https:\/\/hoornbloommasters.com\/continuiteit\/instuurmodel\/#breadcrumb\",\"itemListElement\":[{\"@type\":\"ListItem\",\"position\":1,\"name\":\"Home\",\"item\":\"https:\/\/hoornbloommasters.com\/\"},{\"@type\":\"ListItem\",\"position\":2,\"name\":\"Continu\u00efteit\",\"item\":\"https:\/\/hoornbloommasters.com\/continuiteit\/\"},{\"@type\":\"ListItem\",\"position\":3,\"name\":\"Instuurmodel\"}]},{\"@type\":\"WebSite\",\"@id\":\"https:\/\/hoornbloommasters.com\/#website\",\"url\":\"https:\/\/hoornbloommasters.com\/\",\"name\":\"Hoorn Bloommasters\",\"description\":\"\",\"publisher\":{\"@id\":\"https:\/\/hoornbloommasters.com\/#organization\"},\"potentialAction\":[{\"@type\":\"SearchAction\",\"target\":{\"@type\":\"EntryPoint\",\"urlTemplate\":\"https:\/\/hoornbloommasters.com\/?s={search_term_string}\"},\"query-input\":{\"@type\":\"PropertyValueSpecification\",\"valueRequired\":true,\"valueName\":\"search_term_string\"}}],\"inLanguage\":\"de-CH\"},{\"@type\":\"Organization\",\"@id\":\"https:\/\/hoornbloommasters.com\/#organization\",\"name\":\"Hoorn Bloom Masters\",\"url\":\"https:\/\/hoornbloommasters.com\/\",\"logo\":{\"@type\":\"ImageObject\",\"inLanguage\":\"de-CH\",\"@id\":\"https:\/\/hoornbloommasters.com\/#\/schema\/logo\/image\/\",\"url\":\"https:\/\/hoornbloommasters.com\/wp-content\/uploads\/2020\/09\/hoorn-logo-2.svg\",\"contentUrl\":\"https:\/\/hoornbloommasters.com\/wp-content\/uploads\/2020\/09\/hoorn-logo-2.svg\",\"width\":340,\"height\":213,\"caption\":\"Hoorn Bloom Masters\"},\"image\":{\"@id\":\"https:\/\/hoornbloommasters.com\/#\/schema\/logo\/image\/\"}}]}<\/script>\n<!-- \/ Yoast SEO plugin. -->","yoast_head_json":{"title":"Lenkungsmodell - Horn Bloommasters","robots":{"index":"index","follow":"follow","max-snippet":"max-snippet:-1","max-image-preview":"max-image-preview:large","max-video-preview":"max-video-preview:-1"},"canonical":"https:\/\/hoornbloommasters.com\/de-ch\/kontinuitat\/einsenden\/","og_locale":"de_DE","og_type":"article","og_title":"Instuurmodel - Hoorn Bloommasters","og_url":"https:\/\/hoornbloommasters.com\/de-ch\/kontinuitat\/einsenden\/","og_site_name":"Hoorn Bloommasters","article_modified_time":"2024-02-01T10:14:00+00:00","twitter_card":"summary_large_image","twitter_misc":{"Gesch\u00e4tzte Lesezeit":"4\u00a0Minuten"},"schema":{"@context":"https:\/\/schema.org","@graph":[{"@type":"WebPage","@id":"https:\/\/hoornbloommasters.com\/continuiteit\/instuurmodel\/","url":"https:\/\/hoornbloommasters.com\/continuiteit\/instuurmodel\/","name":"Lenkungsmodell - Horn Bloommasters","isPartOf":{"@id":"https:\/\/hoornbloommasters.com\/#website"},"datePublished":"2024-01-18T09:03:20+00:00","dateModified":"2024-02-01T10:14:00+00:00","breadcrumb":{"@id":"https:\/\/hoornbloommasters.com\/continuiteit\/instuurmodel\/#breadcrumb"},"inLanguage":"de-CH","potentialAction":[{"@type":"ReadAction","target":["https:\/\/hoornbloommasters.com\/continuiteit\/instuurmodel\/"]}]},{"@type":"BreadcrumbList","@id":"https:\/\/hoornbloommasters.com\/continuiteit\/instuurmodel\/#breadcrumb","itemListElement":[{"@type":"ListItem","position":1,"name":"Home","item":"https:\/\/hoornbloommasters.com\/"},{"@type":"ListItem","position":2,"name":"Continu\u00efteit","item":"https:\/\/hoornbloommasters.com\/continuiteit\/"},{"@type":"ListItem","position":3,"name":"Instuurmodel"}]},{"@type":"WebSite","@id":"https:\/\/hoornbloommasters.com\/#website","url":"https:\/\/hoornbloommasters.com\/","name":"Hoorn Bloommasters","description":"","publisher":{"@id":"https:\/\/hoornbloommasters.com\/#organization"},"potentialAction":[{"@type":"SearchAction","target":{"@type":"EntryPoint","urlTemplate":"https:\/\/hoornbloommasters.com\/?s={search_term_string}"},"query-input":{"@type":"PropertyValueSpecification","valueRequired":true,"valueName":"search_term_string"}}],"inLanguage":"de-CH"},{"@type":"Organization","@id":"https:\/\/hoornbloommasters.com\/#organization","name":"Hornbl\u00fctenmeister","url":"https:\/\/hoornbloommasters.com\/","logo":{"@type":"ImageObject","inLanguage":"de-CH","@id":"https:\/\/hoornbloommasters.com\/#\/schema\/logo\/image\/","url":"https:\/\/hoornbloommasters.com\/wp-content\/uploads\/2020\/09\/hoorn-logo-2.svg","contentUrl":"https:\/\/hoornbloommasters.com\/wp-content\/uploads\/2020\/09\/hoorn-logo-2.svg","width":340,"height":213,"caption":"Hoorn Bloom Masters"},"image":{"@id":"https:\/\/hoornbloommasters.com\/#\/schema\/logo\/image\/"}}]}},"_links":{"self":[{"href":"https:\/\/hoornbloommasters.com\/de-ch\/wp-json\/wp\/v2\/pages\/2479","targetHints":{"allow":["GET"]}}],"collection":[{"href":"https:\/\/hoornbloommasters.com\/de-ch\/wp-json\/wp\/v2\/pages"}],"about":[{"href":"https:\/\/hoornbloommasters.com\/de-ch\/wp-json\/wp\/v2\/types\/page"}],"author":[{"embeddable":true,"href":"https:\/\/hoornbloommasters.com\/de-ch\/wp-json\/wp\/v2\/users\/1"}],"replies":[{"embeddable":true,"href":"https:\/\/hoornbloommasters.com\/de-ch\/wp-json\/wp\/v2\/comments?post=2479"}],"version-history":[{"count":20,"href":"https:\/\/hoornbloommasters.com\/de-ch\/wp-json\/wp\/v2\/pages\/2479\/revisions"}],"predecessor-version":[{"id":2675,"href":"https:\/\/hoornbloommasters.com\/de-ch\/wp-json\/wp\/v2\/pages\/2479\/revisions\/2675"}],"up":[{"embeddable":true,"href":"https:\/\/hoornbloommasters.com\/de-ch\/wp-json\/wp\/v2\/pages\/391"}],"wp:attachment":[{"href":"https:\/\/hoornbloommasters.com\/de-ch\/wp-json\/wp\/v2\/media?parent=2479"}],"curies":[{"name":"wp","href":"https:\/\/api.w.org\/{rel}","templated":true}]}}