{"id":2479,"date":"2024-01-18T09:03:20","date_gmt":"2024-01-18T09:03:20","guid":{"rendered":"https:\/\/hoornbloommasters.com\/?page_id=2479"},"modified":"2024-02-01T10:14:00","modified_gmt":"2024-02-01T10:14:00","slug":"send-ind","status":"publish","type":"page","link":"https:\/\/hoornbloommasters.com\/da\/kontinuitet\/send-ind\/","title":{"rendered":"Styringsmodel"},"content":{"rendered":"<div class=\"page-intro-w-overlay\">\n        <div class=\"page-intro-w-overlay__container\">\n            <div class=\"page-intro-w-overlay__title-image-container\">\n                <div class=\"page-intro-w-overlay__title-container\" data-left=\"0\" data-right=\"0\">\n                    <h2 class=\"page-intro-w-overlay__title\">Kontinuerlig forbedring med os <accent>smart indgangsmodel<\/accent><\/h2>\n                <\/div>\n                <div class=\"page-intro-w-overlay__image-container\">\n                    <img loading=\"lazy\" width=\"2560\" height=\"1270\" src=\"https:\/\/hoornbloommasters.com\/wp-content\/uploads\/2024\/01\/instuurmodel-screen-large-scaled.webp\" class=\"attachment-page-intro__image size-page-intro__image\" alt=\"\" srcset=\"https:\/\/hoornbloommasters.com\/wp-content\/uploads\/2024\/01\/instuurmodel-screen-large-scaled.webp 2560w, https:\/\/hoornbloommasters.com\/wp-content\/uploads\/2024\/01\/instuurmodel-screen-large-300x149.webp 300w, https:\/\/hoornbloommasters.com\/wp-content\/uploads\/2024\/01\/instuurmodel-screen-large-1024x508.webp 1024w, https:\/\/hoornbloommasters.com\/wp-content\/uploads\/2024\/01\/instuurmodel-screen-large-768x381.webp 768w, https:\/\/hoornbloommasters.com\/wp-content\/uploads\/2024\/01\/instuurmodel-screen-large-1536x762.webp 1536w, https:\/\/hoornbloommasters.com\/wp-content\/uploads\/2024\/01\/instuurmodel-screen-large-2048x1016.webp 2048w, https:\/\/hoornbloommasters.com\/wp-content\/uploads\/2024\/01\/instuurmodel-screen-large-18x9.webp 18w, https:\/\/hoornbloommasters.com\/wp-content\/uploads\/2024\/01\/instuurmodel-screen-large-640x317.webp 640w, https:\/\/hoornbloommasters.com\/wp-content\/uploads\/2024\/01\/instuurmodel-screen-large-960x476.webp 960w, https:\/\/hoornbloommasters.com\/wp-content\/uploads\/2024\/01\/instuurmodel-screen-large-1280x635.webp 1280w, https:\/\/hoornbloommasters.com\/wp-content\/uploads\/2024\/01\/instuurmodel-screen-large-1920x952.webp 1920w\" sizes=\"auto, (max-width: 2560px) 100vw, 2560px\" \/>                <\/div>\n            <\/div>\n            <div class=\"page-intro-w-overlay__text-container\">\n                <p>Indgangsmodellen er en digitaliseret m\u00e5de at styre indgangen p\u00e5 butiksniveau. Vi leverer attraktive blomsterpr\u00e6sentationer, der forbedrer indk\u00f8bsoplevelsen og ogs\u00e5 sikrer det rigtige antal til at opfylde KPI'er p\u00e5 denne m\u00e5de.<\/p>\n            <\/div>\n            <div class=\"page-intro-w-overlay__scroll-container scroll-container\" id=\"scroll-container\">\n                <span class=\"scroll-container__scroll-text\">Rulle<\/span>\n                <div class=\"scroll-container__scroll-svg\">\n                    <svg xmlns=\"http:\/\/www.w3.org\/2000\/svg\" viewbox=\"0 0 98 220\">\n                        <defs>\n                            <clippath clippathunits=\"userSpaceOnUse\" id=\"cp1\">\n                                <path d=\"M0 0L2181 0L2181 746L0 746Z\" \/>\n                            <\/clippath>\n                        <\/defs>\n                        <g clip-path=\"url(#cp1)\">\n                            <path fill=\"FFFFFF\" id=\"Path 42\" class=\"shp0\" d=\"M39.56 87.43C39.56 87.43 46.68 208.34 47.25 214.77C47.82 221.2 43.87 221.49 43.87 221.49C43.87 221.49 40.27 194.78 38.81 172.75C37.34 150.71 36.42 114.44 35.82 110.79C35.24 107.13 35.27 84.45 35.27 84.45C35.27 84.45 34.83 85.49 36.38 84.43C37.93 83.36 40.32 87.26 39.56 87.43Z\" \/>\n                            <path fill=\"FFFFFF\" id=\"Path 86\" class=\"shp0\" d=\"M42.93 86.61C42.93 86.61 43.89 88.16 47.93 86.88C51.98 85.59 56.47 83.78 59.25 79.09C62.03 74.41 63.87 67.96 66.63 63.67C69.39 59.37 76.03 52.96 80.56 46.99C85.09 41.01 90.2 35.73 90.93 30.49C91.65 25.24 92.18 19.76 91.87 17.92C91.56 16.07 91.73 16.7 83.29 21.8C74.84 26.9 67.14 29.94 65.36 35.4C63.58 40.86 60.92 43.38 60.92 43.38C60.92 43.38 60.08 40.05 58.57 33.62C57.07 27.19 56.99 28.57 55.04 19.08C53.08 9.59 53.37 8.25 51.58 6.74C49.79 5.24 48.56 4.82 48.56 4.82C48.56 4.82 48.28 9.55 47.98 11.09C47.68 12.63 46.74 14.45 46.74 14.45C46.74 14.45 46.2 9.53 44.41 6.23C42.62 2.92 41.11 1.76 41.11 1.76C41.11 1.76 40.08 1.58 39.51 0.68C38.93 -0.21 38.15 0.75 37.78 1.68C37.41 2.62 36.63 5.17 36.63 5.17C36.63 5.17 36.26 4.31 35.1 2.71C33.94 1.12 33.36 0.42 32.74 2C32.13 3.59 29.91 18.17 28.57 19.64C27.24 21.1 27.08 21.87 27.08 21.87C27.08 21.87 26.45 18.37 24.44 15.23C22.43 12.09 21.89 8.8 17.4 7.02C12.91 5.24 7.81 2.96 7.81 2.96C7.81 2.96 5.46 2.15 3.47 2.21C1.48 2.26 -0.07 1.99 0.46 3.58C1 5.17 7.45 14.57 9.53 18.32C11.61 22.08 13.66 28.12 14.75 34.4C15.85 40.67 18.24 46.27 18.48 52.8C18.73 59.33 20.41 66.31 20.68 68.75C20.96 71.19 22.78 75.8 24.59 78.71C26.41 81.61 28.07 83.6 30.82 84.87C33.56 86.15 33.12 86.57 34.4 86.1C35.68 85.62 36.1 85.69 38.48 86.1C40.86 86.52 42.93 86.61 42.93 86.61Z\" \/>\n                        <\/g>\n                    <\/svg>\n                <\/div>\n            <\/div>\n        <\/div>\n    <\/div>\n\n\t\n\n    <div class=\"values-text-only\">\n        <div class=\"wrapper\">\n            <h2 class=\"values-text-only__title\">Prognoser ved hj\u00e6lp af en r\u00e6kke <accent>praktiske trin<\/accent><\/h2>\n            <div class=\"values-text-only__text\">\n                            <\/div>\n        <\/div>\n                    <div class=\"values-text-only__container\">\n                                    \n                    <div class=\"values-text-only-item values-text-only-item--background--white\">\n                        <div class=\"values-text-only-item__content-container values-text-only-item__content-container--text--secondary\">\n                            <h3 class=\"values-text-only-item__title mb-xs\">Forst\u00f8r indeks<\/h3>\n                            <div class=\"values-text-only-item__text\"><p>Sammen med kunden fastl\u00e6gger vi det \u00e5rlige indeks for det kommende \u00e5r. Dette indeks repr\u00e6senterer den v\u00e6kst, som vi i f\u00e6llesskab skal styre efter.<\/p>\n<\/div>\n                        <\/div>\n\n                    <\/div>\n\n                                    \n                    <div class=\"values-text-only-item values-text-only-item--background--quinary\">\n                        <div class=\"values-text-only-item__content-container values-text-only-item__content-container--text--white\">\n                            <h3 class=\"values-text-only-item__title mb-xs\">Klassificering og modellering af oms\u00e6tning<\/h3>\n                            <div class=\"values-text-only-item__text\"><p>Det er vigtigt p\u00e5 forh\u00e5nd at beslutte, hvordan oms\u00e6tningen skal opn\u00e5s. Det g\u00f8r man ved at planl\u00e6gge \u00e5ret rundt.<\/p>\n<\/div>\n                        <\/div>\n\n                    <\/div>\n\n                                    \n                    <div class=\"values-text-only-item values-text-only-item--background--tertiary\">\n                        <div class=\"values-text-only-item__content-container values-text-only-item__content-container--text--white\">\n                            <h3 class=\"values-text-only-item__title mb-xs\">Analyser data og juster efter uge<\/h3>\n                            <div class=\"values-text-only-item__text\"><p>Det fastsatte indeks skal opretholdes gennem ugentlige, periodiske og kvartalsvise kontroller. Gennem l\u00f8bende modellering sikrer vi, at disse m\u00e5l bliver sat.<\/p>\n<\/div>\n                        <\/div>\n\n                    <\/div>\n\n                                    \n                    <div class=\"values-text-only-item values-text-only-item--background--quaternary\">\n                        <div class=\"values-text-only-item__content-container values-text-only-item__content-container--text--white\">\n                            <h3 class=\"values-text-only-item__title mb-xs\">Opstilling og fasts\u00e6ttelse af oms\u00e6tningsm\u00e5l<\/h3>\n                            <div class=\"values-text-only-item__text\"><p>Det indeks, vi har opn\u00e5et tidligere, bruges til at fasts\u00e6tte fremtidige oms\u00e6tningsm\u00e5l. Dette justeres p\u00e5 ugentlig basis.<\/p>\n<\/div>\n                        <\/div>\n\n                    <\/div>\n\n                                    \n                    <div class=\"values-text-only-item values-text-only-item--background--secondary\">\n                        <div class=\"values-text-only-item__content-container values-text-only-item__content-container--text--white\">\n                            <h3 class=\"values-text-only-item__title mb-xs\">Tilf\u00f8jelse af variabelsamlinger<\/h3>\n                            <div class=\"values-text-only-item__text\"><p>For at etablere det optimale sortiment og opn\u00e5 v\u00e6kst arbejder vi med variable kollektioner. Det giver os mulighed for at skifte mellem no-sales og yes-sales.<\/p>\n<\/div>\n                        <\/div>\n\n                    <\/div>\n\n                                    \n                    <div class=\"values-text-only-item values-text-only-item--background--white\">\n                        <div class=\"values-text-only-item__content-container values-text-only-item__content-container--text--secondary\">\n                            <h3 class=\"values-text-only-item__title mb-xs\">Ekstraudstyr til maksimal effektivitet<\/h3>\n                            <div class=\"values-text-only-item__text\"><p>Ud over de eksisterende linjer mener vi, at det er vigtigt at v\u00e6re fleksibel p\u00e5 markedet. Vores eksisterende linjer har priser \u00e5ret rundt, men for at f\u00e5 mest muligt ud af k\u00e6den, arbejder vi med at tilf\u00f8je tiltag. Disse tiltag m\u00e5 dog ikke forstyrre de eksisterende aftaler med avlerne og sortimentet.<\/p>\n<\/div>\n                        <\/div>\n\n                    <\/div>\n\n                            <\/div>\n        \n    <\/div>\n\n\n\n    \n    <div class=\"spacer spacer--s spacer--primary\"><\/div>\n\n\t\n\n    <div class=\"usp-list__outer\">\n        <div class=\"usp-list\">\n\n            <h2 class=\"usp-list__title mb-xl\"><accent>Vores data best\u00e5r af<\/accent><br\/>seks vigtige omr\u00e5der for st\u00f8tte<\/h2>\n            <div class=\"usp-list__container\">\n                <div class=\"usp-list__inner\">\n                        <div class=\"usp-list__inner__circle\"><\/div>\n                    <div class=\"usp-list__inner__text\">\n                        <h3 class=\"usp-list__inner__text__title mb-m\">Vores datamodel<\/h3>\n                        <ul>\n                                                            <li>Moduler<\/li>\n                                                            <li>Margin-politik<\/li>\n                                                            <li>Leveringsdage<\/li>\n                                                            <li>Logistik<\/li>\n                                                            <li>B\u00e6redygtighed<\/li>\n                                                            <li>Indeks<\/li>\n                                                    <\/ul>\n                    <\/div>\n                    <div class=\"usp-list__inner__images\">\n                        <div class=\"usp-list__inner__images__inner\">\n\n                            <div class=\"usp-list__inner__images__image usp-list__inner__images__image--1 animated animated--slide-up\">\n                                <img loading=\"lazy\" width=\"2560\" height=\"1659\" src=\"https:\/\/hoornbloommasters.com\/wp-content\/uploads\/2024\/01\/instuurmodel-screen1-scaled.webp\" class=\"attachment-full size-full\" alt=\"\" srcset=\"https:\/\/hoornbloommasters.com\/wp-content\/uploads\/2024\/01\/instuurmodel-screen1-scaled.webp 2560w, https:\/\/hoornbloommasters.com\/wp-content\/uploads\/2024\/01\/instuurmodel-screen1-300x194.webp 300w, https:\/\/hoornbloommasters.com\/wp-content\/uploads\/2024\/01\/instuurmodel-screen1-1024x664.webp 1024w, https:\/\/hoornbloommasters.com\/wp-content\/uploads\/2024\/01\/instuurmodel-screen1-768x498.webp 768w, https:\/\/hoornbloommasters.com\/wp-content\/uploads\/2024\/01\/instuurmodel-screen1-1536x996.webp 1536w, https:\/\/hoornbloommasters.com\/wp-content\/uploads\/2024\/01\/instuurmodel-screen1-2048x1327.webp 2048w, https:\/\/hoornbloommasters.com\/wp-content\/uploads\/2024\/01\/instuurmodel-screen1-18x12.webp 18w, https:\/\/hoornbloommasters.com\/wp-content\/uploads\/2024\/01\/instuurmodel-screen1-640x415.webp 640w, https:\/\/hoornbloommasters.com\/wp-content\/uploads\/2024\/01\/instuurmodel-screen1-960x622.webp 960w, https:\/\/hoornbloommasters.com\/wp-content\/uploads\/2024\/01\/instuurmodel-screen1-1280x830.webp 1280w, https:\/\/hoornbloommasters.com\/wp-content\/uploads\/2024\/01\/instuurmodel-screen1-1920x1244.webp 1920w\" sizes=\"auto, (max-width: 2560px) 100vw, 2560px\" \/>                            <\/div>\n                            <div class=\"usp-list__inner__images__image usp-list__inner__images__image--2 animated animated--slide-up animated--delay\">\n                                <img loading=\"lazy\" width=\"2560\" height=\"1659\" src=\"https:\/\/hoornbloommasters.com\/wp-content\/uploads\/2024\/01\/instuurmodel-screen2-scaled.webp\" class=\"attachment-full size-full\" alt=\"\" srcset=\"https:\/\/hoornbloommasters.com\/wp-content\/uploads\/2024\/01\/instuurmodel-screen2-scaled.webp 2560w, https:\/\/hoornbloommasters.com\/wp-content\/uploads\/2024\/01\/instuurmodel-screen2-300x194.webp 300w, https:\/\/hoornbloommasters.com\/wp-content\/uploads\/2024\/01\/instuurmodel-screen2-1024x664.webp 1024w, https:\/\/hoornbloommasters.com\/wp-content\/uploads\/2024\/01\/instuurmodel-screen2-768x498.webp 768w, https:\/\/hoornbloommasters.com\/wp-content\/uploads\/2024\/01\/instuurmodel-screen2-1536x996.webp 1536w, https:\/\/hoornbloommasters.com\/wp-content\/uploads\/2024\/01\/instuurmodel-screen2-2048x1327.webp 2048w, https:\/\/hoornbloommasters.com\/wp-content\/uploads\/2024\/01\/instuurmodel-screen2-18x12.webp 18w, https:\/\/hoornbloommasters.com\/wp-content\/uploads\/2024\/01\/instuurmodel-screen2-640x415.webp 640w, https:\/\/hoornbloommasters.com\/wp-content\/uploads\/2024\/01\/instuurmodel-screen2-960x622.webp 960w, https:\/\/hoornbloommasters.com\/wp-content\/uploads\/2024\/01\/instuurmodel-screen2-1280x830.webp 1280w, https:\/\/hoornbloommasters.com\/wp-content\/uploads\/2024\/01\/instuurmodel-screen2-1920x1244.webp 1920w\" sizes=\"auto, (max-width: 2560px) 100vw, 2560px\" \/>                            <\/div>\n                        <\/div>\n                    <\/div>\n\n                <\/div>\n            <\/div>\n        <\/div>\n    <\/div>\n    \n\n    \n    <div class=\"spacer spacer--m spacer--primary\"><\/div>\n\n\t\n\n    <div class=\"image-left-text-right\">\n        <h2 class=\"image-left-text-right__title mb-xl\">Indgangsmodellen<\/h2>\n\n        <div class=\"image-left-text-right__container\">\n            <div class=\"image-left-text-right__row\">\n                <div class=\"image-left-text-right__step image-left-text-right__step--image\">\n                    \n\t\t\t\t<img\n\t\t\t\t\tclass=\"image-left-text-right__side-image\"\n\t\t\t\t\talt=\"HBM-diagram DA\"\n\t\t\t\t\tsrc=\"https:\/\/hoornbloommasters.com\/wp-content\/uploads\/2024\/01\/HBM-schema-DA.svg\"\n\t\t\t\t>\n\n\t\t\t                <\/div>\n                <div class=\"image-left-text-right__step image-left-text-right__step--two\">\n\n                    <p class=\"image-left-text-right__step-number\">\n                        S\u00e5dan fungerer det                    <\/p>\n                    <h3 class=\"image-left-text-right__step-title mb-s\"><\/h3>\n                    <div class=\"image-left-text-right__step-text\">\n                        <p>Indgangsmodellen blev udviklet som en struktureret tilgang til at optimere blomsterpr\u00e6sentationer p\u00e5 butiksniveau. I samarbejde med vores kunder fasts\u00e6tter vi hvert \u00e5r et indeks, der repr\u00e6senterer f\u00e6lles v\u00e6kst. Det starter med en forudbestemmelse af salgsrealiseringen gennem detaljeret planl\u00e6gning \u00e5ret rundt, hvor vi omhyggeligt klassificerer og modellerer. Det etablerede indeks analyseres og justeres derefter ugentligt, periodisk og kvartalsvist med l\u00f8bende modellering for at s\u00e6tte og fastholde m\u00e5l.<\/p>\n<p>For at etablere det optimale sortiment og opn\u00e5 v\u00e6kst bruger vi variable kollektioner, s\u00e5 vi kan reagere fleksibelt p\u00e5 b\u00e5de nej-salg og ja-salg. Desuden tilf\u00f8jer vi kampagner til vores eksisterende sortiment for bedre at kunne reagere p\u00e5 markedets eftersp\u00f8rgsel. Det er dog afg\u00f8rende, at disse tiltag ikke griber ind i eksisterende aftaler med producenterne og det nuv\u00e6rende sortiment. Kort sagt giver delbetalingsmodellen ikke kun digitaliseret vejledning p\u00e5 butiksniveau, men integrerer ogs\u00e5 strategier som at bestemme det \u00e5rlige indeks, modellere salget, fasts\u00e6tte salgsm\u00e5l og tilf\u00f8je variable kollektioner og handlinger. Det g\u00f8r det muligt for os at reagere fleksibelt p\u00e5 markedsdynamikken og opn\u00e5 de bedste resultater for b\u00e5de detailhandlere og avlere.<\/p>\n                    <\/div>\n                <\/div>\n            <\/div>\n        <\/div>\n    <\/div>\n\n\n\t\n\n    \n    <div class=\"spacer spacer--l spacer--primary\"><\/div>\n\n\t\n\n    \n    <div class=\"cta-bar cta-bar--primary cta-bar--no-button paralax-images\">\n        \n        <div class=\"cta-bar__container wrapper\">\n            <div class=\"cta-bar__image-container\">\n                <img src=\"https:\/\/hoornbloommasters.com\/wp-content\/themes\/deboprojects\/img\/flower.svg\" alt=\"Hoorn Bloommasters\" class=\"cta-bar__image paralax-image\">\n            <\/div>\n            <div class=\"cta-bar__content\">\n                <h2 class=\"cta-bar__title mb-s\"><accent>Har du stadig sp\u00f8rgsm\u00e5l?<\/accent><\/h2>\n                <div class=\"cta-bar__text\">\n                    <p>Vi fort\u00e6ller dig gerne mere om vores tjenester og produkter i en personlig samtale. Ring til <a href=\"tlf:+310297325150\">+31 0297 325 150<\/a> eller mail til <a href=\"mailto:info@hoornbloommasters.com\">info@hoornbloommasters.com<\/a>.<\/p>\n                <\/div>\n            <\/div>\n                    <\/div>\n\n    <\/div>\n\n\t\n\n    \n    <div class=\"spacer spacer--l spacer--primary\"><\/div>","protected":false},"excerpt":{"rendered":"","protected":false},"author":1,"featured_media":0,"parent":391,"menu_order":0,"comment_status":"closed","ping_status":"closed","template":"","meta":{"_acf_changed":false,"footnotes":""},"class_list":["post-2479","page","type-page","status-publish","hentry"],"acf":[],"yoast_head":"<!-- This site is optimized with the Yoast SEO plugin v26.0 - https:\/\/yoast.com\/wordpress\/plugins\/seo\/ -->\n<title>Instuurmodel - Hoorn Bloommasters<\/title>\n<meta name=\"robots\" content=\"index, follow, max-snippet:-1, max-image-preview:large, max-video-preview:-1\" \/>\n<link rel=\"canonical\" href=\"https:\/\/hoornbloommasters.com\/da\/kontinuitet\/send-ind\/\" \/>\n<meta property=\"og:locale\" content=\"da_DK\" \/>\n<meta property=\"og:type\" content=\"article\" \/>\n<meta property=\"og:title\" content=\"Instuurmodel - Hoorn Bloommasters\" \/>\n<meta property=\"og:url\" content=\"https:\/\/hoornbloommasters.com\/da\/kontinuitet\/send-ind\/\" \/>\n<meta property=\"og:site_name\" content=\"Hoorn Bloommasters\" \/>\n<meta property=\"article:modified_time\" content=\"2024-02-01T10:14:00+00:00\" \/>\n<meta name=\"twitter:card\" content=\"summary_large_image\" \/>\n<meta name=\"twitter:label1\" content=\"Estimeret l\u00e6setid\" \/>\n\t<meta name=\"twitter:data1\" content=\"4 minutter\" \/>\n<script type=\"application\/ld+json\" class=\"yoast-schema-graph\">{\"@context\":\"https:\/\/schema.org\",\"@graph\":[{\"@type\":\"WebPage\",\"@id\":\"https:\/\/hoornbloommasters.com\/continuiteit\/instuurmodel\/\",\"url\":\"https:\/\/hoornbloommasters.com\/continuiteit\/instuurmodel\/\",\"name\":\"Instuurmodel - Hoorn Bloommasters\",\"isPartOf\":{\"@id\":\"https:\/\/hoornbloommasters.com\/#website\"},\"datePublished\":\"2024-01-18T09:03:20+00:00\",\"dateModified\":\"2024-02-01T10:14:00+00:00\",\"breadcrumb\":{\"@id\":\"https:\/\/hoornbloommasters.com\/continuiteit\/instuurmodel\/#breadcrumb\"},\"inLanguage\":\"da-DK\",\"potentialAction\":[{\"@type\":\"ReadAction\",\"target\":[\"https:\/\/hoornbloommasters.com\/continuiteit\/instuurmodel\/\"]}]},{\"@type\":\"BreadcrumbList\",\"@id\":\"https:\/\/hoornbloommasters.com\/continuiteit\/instuurmodel\/#breadcrumb\",\"itemListElement\":[{\"@type\":\"ListItem\",\"position\":1,\"name\":\"Home\",\"item\":\"https:\/\/hoornbloommasters.com\/\"},{\"@type\":\"ListItem\",\"position\":2,\"name\":\"Continu\u00efteit\",\"item\":\"https:\/\/hoornbloommasters.com\/continuiteit\/\"},{\"@type\":\"ListItem\",\"position\":3,\"name\":\"Instuurmodel\"}]},{\"@type\":\"WebSite\",\"@id\":\"https:\/\/hoornbloommasters.com\/#website\",\"url\":\"https:\/\/hoornbloommasters.com\/\",\"name\":\"Hoorn Bloommasters\",\"description\":\"\",\"publisher\":{\"@id\":\"https:\/\/hoornbloommasters.com\/#organization\"},\"potentialAction\":[{\"@type\":\"SearchAction\",\"target\":{\"@type\":\"EntryPoint\",\"urlTemplate\":\"https:\/\/hoornbloommasters.com\/?s={search_term_string}\"},\"query-input\":{\"@type\":\"PropertyValueSpecification\",\"valueRequired\":true,\"valueName\":\"search_term_string\"}}],\"inLanguage\":\"da-DK\"},{\"@type\":\"Organization\",\"@id\":\"https:\/\/hoornbloommasters.com\/#organization\",\"name\":\"Hoorn Bloom Masters\",\"url\":\"https:\/\/hoornbloommasters.com\/\",\"logo\":{\"@type\":\"ImageObject\",\"inLanguage\":\"da-DK\",\"@id\":\"https:\/\/hoornbloommasters.com\/#\/schema\/logo\/image\/\",\"url\":\"https:\/\/hoornbloommasters.com\/wp-content\/uploads\/2020\/09\/hoorn-logo-2.svg\",\"contentUrl\":\"https:\/\/hoornbloommasters.com\/wp-content\/uploads\/2020\/09\/hoorn-logo-2.svg\",\"width\":340,\"height\":213,\"caption\":\"Hoorn Bloom Masters\"},\"image\":{\"@id\":\"https:\/\/hoornbloommasters.com\/#\/schema\/logo\/image\/\"}}]}<\/script>\n<!-- \/ Yoast SEO plugin. -->","yoast_head_json":{"title":"Styret\u00f8jsmodel - Horn Bloommasters","robots":{"index":"index","follow":"follow","max-snippet":"max-snippet:-1","max-image-preview":"max-image-preview:large","max-video-preview":"max-video-preview:-1"},"canonical":"https:\/\/hoornbloommasters.com\/da\/kontinuitet\/send-ind\/","og_locale":"da_DK","og_type":"article","og_title":"Instuurmodel - Hoorn Bloommasters","og_url":"https:\/\/hoornbloommasters.com\/da\/kontinuitet\/send-ind\/","og_site_name":"Hoorn Bloommasters","article_modified_time":"2024-02-01T10:14:00+00:00","twitter_card":"summary_large_image","twitter_misc":{"Estimeret l\u00e6setid":"4 minutter"},"schema":{"@context":"https:\/\/schema.org","@graph":[{"@type":"WebPage","@id":"https:\/\/hoornbloommasters.com\/continuiteit\/instuurmodel\/","url":"https:\/\/hoornbloommasters.com\/continuiteit\/instuurmodel\/","name":"Styret\u00f8jsmodel - Horn Bloommasters","isPartOf":{"@id":"https:\/\/hoornbloommasters.com\/#website"},"datePublished":"2024-01-18T09:03:20+00:00","dateModified":"2024-02-01T10:14:00+00:00","breadcrumb":{"@id":"https:\/\/hoornbloommasters.com\/continuiteit\/instuurmodel\/#breadcrumb"},"inLanguage":"da-DK","potentialAction":[{"@type":"ReadAction","target":["https:\/\/hoornbloommasters.com\/continuiteit\/instuurmodel\/"]}]},{"@type":"BreadcrumbList","@id":"https:\/\/hoornbloommasters.com\/continuiteit\/instuurmodel\/#breadcrumb","itemListElement":[{"@type":"ListItem","position":1,"name":"Home","item":"https:\/\/hoornbloommasters.com\/"},{"@type":"ListItem","position":2,"name":"Continu\u00efteit","item":"https:\/\/hoornbloommasters.com\/continuiteit\/"},{"@type":"ListItem","position":3,"name":"Instuurmodel"}]},{"@type":"WebSite","@id":"https:\/\/hoornbloommasters.com\/#website","url":"https:\/\/hoornbloommasters.com\/","name":"Hoorn Bloommasters","description":"","publisher":{"@id":"https:\/\/hoornbloommasters.com\/#organization"},"potentialAction":[{"@type":"SearchAction","target":{"@type":"EntryPoint","urlTemplate":"https:\/\/hoornbloommasters.com\/?s={search_term_string}"},"query-input":{"@type":"PropertyValueSpecification","valueRequired":true,"valueName":"search_term_string"}}],"inLanguage":"da-DK"},{"@type":"Organization","@id":"https:\/\/hoornbloommasters.com\/#organization","name":"Horn Bloom Masters","url":"https:\/\/hoornbloommasters.com\/","logo":{"@type":"ImageObject","inLanguage":"da-DK","@id":"https:\/\/hoornbloommasters.com\/#\/schema\/logo\/image\/","url":"https:\/\/hoornbloommasters.com\/wp-content\/uploads\/2020\/09\/hoorn-logo-2.svg","contentUrl":"https:\/\/hoornbloommasters.com\/wp-content\/uploads\/2020\/09\/hoorn-logo-2.svg","width":340,"height":213,"caption":"Hoorn Bloom Masters"},"image":{"@id":"https:\/\/hoornbloommasters.com\/#\/schema\/logo\/image\/"}}]}},"_links":{"self":[{"href":"https:\/\/hoornbloommasters.com\/da\/wp-json\/wp\/v2\/pages\/2479","targetHints":{"allow":["GET"]}}],"collection":[{"href":"https:\/\/hoornbloommasters.com\/da\/wp-json\/wp\/v2\/pages"}],"about":[{"href":"https:\/\/hoornbloommasters.com\/da\/wp-json\/wp\/v2\/types\/page"}],"author":[{"embeddable":true,"href":"https:\/\/hoornbloommasters.com\/da\/wp-json\/wp\/v2\/users\/1"}],"replies":[{"embeddable":true,"href":"https:\/\/hoornbloommasters.com\/da\/wp-json\/wp\/v2\/comments?post=2479"}],"version-history":[{"count":20,"href":"https:\/\/hoornbloommasters.com\/da\/wp-json\/wp\/v2\/pages\/2479\/revisions"}],"predecessor-version":[{"id":2675,"href":"https:\/\/hoornbloommasters.com\/da\/wp-json\/wp\/v2\/pages\/2479\/revisions\/2675"}],"up":[{"embeddable":true,"href":"https:\/\/hoornbloommasters.com\/da\/wp-json\/wp\/v2\/pages\/391"}],"wp:attachment":[{"href":"https:\/\/hoornbloommasters.com\/da\/wp-json\/wp\/v2\/media?parent=2479"}],"curies":[{"name":"wp","href":"https:\/\/api.w.org\/{rel}","templated":true}]}}